{"id":479,"date":"2019-07-25T02:06:00","date_gmt":"2019-07-25T02:06:00","guid":{"rendered":"https:\/\/goya.everthemes.com\/demo-decor\/?page_id=479"},"modified":"2023-04-26T20:38:58","modified_gmt":"2023-04-26T12:38:58","slug":"faqs","status":"publish","type":"page","link":"https:\/\/ikouch.com\/pl\/faqs\/","title":{"rendered":"FAQ\u2019s"},"content":{"rendered":"<div  class=\"sec_row container\"><div class=\"vc_row wpb_row vc_row-fluid vc_custom_1579122531020\"><div class=\"wpb_column vc_column_container vc_col-sm-12 vc_col-lg-offset-1 vc_col-lg-3 et-dark-column\"><div class=\"vc_column-inner\"><div class=\"wpb_wrapper\">\n\t<div class=\"wpb_text_column wpb_content_element\" >\n\t\t<div class=\"wpb_wrapper\">\n\t\t\t<h3><span class=\"HwtZe\" lang=\"de\"><span class=\"jCAhz ChMk0b\"><span class=\"ryNqvb\">Einkaufsgrundlagen<\/span><\/span><\/span><\/h3>\n\n\t\t<\/div>\n\t<\/div>\n<div class=\"vc_empty_space\"   style=\"height: 32px\"><span class=\"vc_empty_space_inner\"><\/span><\/div><\/div><\/div><\/div><div class=\"wpb_column vc_column_container vc_col-sm-12 vc_col-lg-6 et-dark-column\"><div class=\"vc_column-inner\"><div class=\"wpb_wrapper\"><div class=\"vc_tta-container\" data-vc-action=\"collapse\"><div class=\"vc_general vc_tta vc_tta-accordion vc_tta-o-shape-group vc_tta-controls-align-left\"><div class=\"vc_tta-panels-container\"><div class=\"vc_tta-panels\"><div class=\"vc_tta-panel\" id=\"1522322738673-aea3abb5-b800fe1b-0bf9\" data-vc-content=\".vc_tta-panel-body\"><div class=\"vc_tta-panel-heading\"><h4 class=\"vc_tta-panel-title vc_tta-controls-icon-position-left\"><a href=\"#1522322738673-aea3abb5-b800fe1b-0bf9\" data-vc-accordion data-vc-container=\".vc_tta-container\"><span class=\"vc_tta-title-text\">Welche Versandmethoden sind verf\u00fcgbar?<\/span><i class=\"vc_tta-controls-icon vc_tta-controls-icon-plus\"><\/i><\/a><\/h4><\/div><div class=\"vc_tta-panel-body\">\n\t<div class=\"wpb_text_column wpb_content_element\" >\n\t\t<div class=\"wpb_wrapper\">\n\t\t\t<p>F\u00fcr die Zustellung Ihrer Ware nutzen wir internationale Luftfracht.<\/p>\n<p>Alle Bestellungen werden innerhalb von 1-2 Tagen bearbeitet.<\/p>\n<p>Lieferzeit der Bestellung (ohne Bearbeitungszeit):<\/p>\n<p>EU: 7-9 Tage<\/p>\n<p>USA: 6-9 Tage<\/p>\n\n\t\t<\/div>\n\t<\/div>\n<\/div><\/div><div class=\"vc_tta-panel vc_active\" id=\"1522322738697-88e8c59b-62ccfe1b-0bf9\" data-vc-content=\".vc_tta-panel-body\"><div class=\"vc_tta-panel-heading\"><h4 class=\"vc_tta-panel-title vc_tta-controls-icon-position-left\"><a href=\"#1522322738697-88e8c59b-62ccfe1b-0bf9\" data-vc-accordion data-vc-container=\".vc_tta-container\"><span class=\"vc_tta-title-text\">Was sind Ihre Versand- und R\u00fcckgaberichtlinien?<\/span><i class=\"vc_tta-controls-icon vc_tta-controls-icon-plus\"><\/i><\/a><\/h4><\/div><div class=\"vc_tta-panel-body\">\n\t<div class=\"wpb_text_column wpb_content_element\" >\n\t\t<div class=\"wpb_wrapper\">\n\t\t\t<p><strong>1. LIEFERPOLITIK<\/strong><br \/>\n<span class=\"HwtZe\" lang=\"de\"><span class=\"jCAhz ChMk0b\"><span class=\"ryNqvb\">Alle Bestellungen werden innerhalb von 1-2 Tagen bearbeitet.<\/span><\/span> <span class=\"jCAhz ChMk0b\"><span class=\"ryNqvb\">Bestellungen werden innerhalb von 7-9 Tagen geliefert.<\/span><\/span> <span class=\"jCAhz ChMk0b\"><span class=\"ryNqvb\">Bei einem hohen Bestellaufkommen kann sich der Versand um einige Tage verz\u00f6gern.<\/span><\/span> <span class=\"jCAhz ChMk0b\"><span class=\"ryNqvb\">Bitte erlauben Sie zus\u00e4tzliche Tage auf dem Transportweg f\u00fcr die Lieferung.<\/span><\/span> <span class=\"jCAhz ChMk0b\"><span class=\"ryNqvb\">Wenn sich der Versand Ihrer Bestellung erheblich verz\u00f6gert, werden wir Sie per E-Mail oder Telefon kontaktieren.<\/span><\/span><\/span><\/p>\n<p><strong>2. SCH\u00c4DEN<\/strong><br \/>\nDas Unternehmen haftet nicht f\u00fcr w\u00e4hrend des Versands besch\u00e4digte oder verlorene Produkte. Wenn Sie Ihre Bestellung besch\u00e4digt erhalten haben, wenden Sie sich bitte an den Spediteur, um eine Reklamation einzureichen.<\/p>\n\n\t\t<\/div>\n\t<\/div>\n<\/div><\/div><div class=\"vc_tta-panel\" id=\"1522322884722-77aa01b6-d3ecfe1b-0bf9\" data-vc-content=\".vc_tta-panel-body\"><div class=\"vc_tta-panel-heading\"><h4 class=\"vc_tta-panel-title vc_tta-controls-icon-position-left\"><a href=\"#1522322884722-77aa01b6-d3ecfe1b-0bf9\" data-vc-accordion data-vc-container=\".vc_tta-container\"><span class=\"vc_tta-title-text\">Versenden Sie international?<\/span><i class=\"vc_tta-controls-icon vc_tta-controls-icon-plus\"><\/i><\/a><\/h4><\/div><div class=\"vc_tta-panel-body\">\n\t<div class=\"wpb_text_column wpb_content_element\" >\n\t\t<div class=\"wpb_wrapper\">\n\t\t\t<p><span class=\"HwtZe\" lang=\"de\"><span class=\"jCAhz ChMk0b\"><span class=\"ryNqvb\">Ja, wir liefern weltweit kostenlos f\u00fcr alle Bestellungen.<\/span><\/span><\/span><\/p>\n\n\t\t<\/div>\n\t<\/div>\n<\/div><\/div><\/div><\/div><\/div><\/div><\/div><\/div><\/div><\/div><\/div><div  class=\"sec_row container\"><div class=\"vc_row wpb_row vc_row-fluid vc_custom_1579122536406\"><div class=\"wpb_column vc_column_container vc_col-sm-12 vc_col-lg-offset-1 vc_col-lg-3 et-dark-column\"><div class=\"vc_column-inner\"><div class=\"wpb_wrapper\">\n\t<div class=\"wpb_text_column wpb_content_element\" >\n\t\t<div class=\"wpb_wrapper\">\n\t\t\t<h3><span class=\"HwtZe\" lang=\"de\"><span class=\"jCAhz ChMk0b\"><span class=\"ryNqvb\">Zahlungen<\/span><\/span><\/span><\/h3>\n\n\t\t<\/div>\n\t<\/div>\n<div class=\"vc_empty_space\"   style=\"height: 32px\"><span class=\"vc_empty_space_inner\"><\/span><\/div><\/div><\/div><\/div><div class=\"wpb_column vc_column_container vc_col-sm-12 vc_col-lg-6 et-dark-column\"><div class=\"vc_column-inner\"><div class=\"wpb_wrapper\"><div class=\"vc_tta-container\" data-vc-action=\"collapse\"><div class=\"vc_general vc_tta vc_tta-accordion vc_tta-o-shape-group vc_tta-controls-align-left\"><div class=\"vc_tta-panels-container\"><div class=\"vc_tta-panels\"><div class=\"vc_tta-panel vc_active\" id=\"1555532166627-d18a27a7-6515\" data-vc-content=\".vc_tta-panel-body\"><div class=\"vc_tta-panel-heading\"><h4 class=\"vc_tta-panel-title vc_tta-controls-icon-position-left\"><a href=\"#1555532166627-d18a27a7-6515\" data-vc-accordion data-vc-container=\".vc_tta-container\"><span class=\"vc_tta-title-text\">Welche Zahlungsmethoden werden akzeptiert?<\/span><i class=\"vc_tta-controls-icon vc_tta-controls-icon-plus\"><\/i><\/a><\/h4><\/div><div class=\"vc_tta-panel-body\">\n\t<div class=\"wpb_text_column wpb_content_element\" >\n\t\t<div class=\"wpb_wrapper\">\n\t\t\t<p><span class=\"HwtZe\" lang=\"de\"><span class=\"jCAhz ChMk0b\"><span class=\"ryNqvb\">Paypal und Kreditkarte<\/span><\/span><\/span><\/p>\n\n\t\t<\/div>\n\t<\/div>\n<\/div><\/div><div class=\"vc_tta-panel\" id=\"1555532166698-b9e07fe9-85b4\" data-vc-content=\".vc_tta-panel-body\"><div class=\"vc_tta-panel-heading\"><h4 class=\"vc_tta-panel-title vc_tta-controls-icon-position-left\"><a href=\"#1555532166698-b9e07fe9-85b4\" data-vc-accordion data-vc-container=\".vc_tta-container\"><span class=\"vc_tta-title-text\">Akzeptieren Sie internationale Kreditkarten?<\/span><i class=\"vc_tta-controls-icon vc_tta-controls-icon-plus\"><\/i><\/a><\/h4><\/div><div class=\"vc_tta-panel-body\">\n\t<div class=\"wpb_text_column wpb_content_element\" >\n\t\t<div class=\"wpb_wrapper\">\n\t\t\t<p><span class=\"HwtZe\" lang=\"de\"><span class=\"jCAhz ChMk0b\"><span class=\"ryNqvb\">Ja, wir akzeptieren internationale Kreditkarten wie VISA, Master Cards<\/span><\/span><\/span><\/p>\n\n\t\t<\/div>\n\t<\/div>\n<\/div><\/div><\/div><\/div><\/div><\/div><\/div><\/div><\/div><\/div><\/div><div  class=\"sec_row container\"><div class=\"vc_row wpb_row vc_row-fluid vc_custom_1579122542185\"><div class=\"wpb_column vc_column_container vc_col-sm-12 vc_col-lg-offset-1 vc_col-lg-3 et-dark-column\"><div class=\"vc_column-inner\"><div class=\"wpb_wrapper\">\n\t<div class=\"wpb_text_column wpb_content_element\" >\n\t\t<div class=\"wpb_wrapper\">\n\t\t\t<h3>Shipping &amp; Returns<\/h3>\n\n\t\t<\/div>\n\t<\/div>\n<div class=\"vc_empty_space\"   style=\"height: 32px\"><span class=\"vc_empty_space_inner\"><\/span><\/div><\/div><\/div><\/div><div class=\"wpb_column vc_column_container vc_col-sm-12 vc_col-lg-6 et-dark-column\"><div class=\"vc_column-inner\"><div class=\"wpb_wrapper\"><div class=\"vc_tta-container\" data-vc-action=\"collapse\"><div class=\"vc_general vc_tta vc_tta-accordion vc_tta-o-shape-group vc_tta-controls-align-left\"><div class=\"vc_tta-panels-container\"><div class=\"vc_tta-panels\"><div class=\"vc_tta-panel vc_active\" id=\"1554865954832-7b4f4f32-3205\" data-vc-content=\".vc_tta-panel-body\"><div class=\"vc_tta-panel-heading\"><h4 class=\"vc_tta-panel-title vc_tta-controls-icon-position-left\"><a href=\"#1554865954832-7b4f4f32-3205\" data-vc-accordion data-vc-container=\".vc_tta-container\"><span class=\"vc_tta-title-text\">Ich m\u00f6chte meinen Einkauf zur\u00fcckgeben! Was kann ich tun?<\/span><i class=\"vc_tta-controls-icon vc_tta-controls-icon-plus\"><\/i><\/a><\/h4><\/div><div class=\"vc_tta-panel-body\">\n\t<div class=\"wpb_text_column wpb_content_element\" >\n\t\t<div class=\"wpb_wrapper\">\n\t\t\t<p><span class=\"HwtZe\" lang=\"de\"><span class=\"jCAhz ChMk0b\"><span class=\"ryNqvb\">Wenn Sie mit Ihrem Artikel nicht zufrieden sind, kontaktieren Sie uns bitte per E-Mail.<\/span><\/span> <span class=\"jCAhz ChMk0b\"><span class=\"ryNqvb\">Sie haben 14 Tage Zeit, um einen Artikel zur\u00fcckzugeben oder umzutauschen. Die Versandkosten sind nicht erstattungsf\u00e4hig.<\/span><\/span><\/span><\/p>\n\n\t\t<\/div>\n\t<\/div>\n<\/div><\/div><div class=\"vc_tta-panel\" id=\"1554865954888-c3d499b3-2d6e\" data-vc-content=\".vc_tta-panel-body\"><div class=\"vc_tta-panel-heading\"><h4 class=\"vc_tta-panel-title vc_tta-controls-icon-position-left\"><a href=\"#1554865954888-c3d499b3-2d6e\" data-vc-accordion data-vc-container=\".vc_tta-container\"><span class=\"vc_tta-title-text\">Wie lange dauert es, bis ich eine R\u00fcckerstattung erhalte?<\/span><i class=\"vc_tta-controls-icon vc_tta-controls-icon-plus\"><\/i><\/a><\/h4><\/div><div class=\"vc_tta-panel-body\">\n\t<div class=\"wpb_text_column wpb_content_element\" >\n\t\t<div class=\"wpb_wrapper\">\n\t\t\t<p><span class=\"HwtZe\" lang=\"de\"><span class=\"jCAhz ChMk0b\"><span class=\"ryNqvb\">Wir werden die Adresse des n\u00e4chstgelegenen autorisierten IKOUCH-Kundendienstanbieters in Deutschland basierend auf Ihrer Adresse abgleichen, Sie werden das Produkt dorthin zur\u00fccksenden, und wir werden Ihnen innerhalb von 2 Werktagen nach Erhalt der R\u00fccksendung den Kaufpreis erstatten.<\/span><\/span><\/span><\/p>\n\n\t\t<\/div>\n\t<\/div>\n<\/div><\/div><div class=\"vc_tta-panel\" id=\"1554865954966-a58332cc-34e7\" data-vc-content=\".vc_tta-panel-body\"><div class=\"vc_tta-panel-heading\"><h4 class=\"vc_tta-panel-title vc_tta-controls-icon-position-left\"><a href=\"#1554865954966-a58332cc-34e7\" data-vc-accordion data-vc-container=\".vc_tta-container\"><span class=\"vc_tta-title-text\">Wie kann ich meine Bestellung stornieren oder \u00e4ndern?<\/span><i class=\"vc_tta-controls-icon vc_tta-controls-icon-plus\"><\/i><\/a><\/h4><\/div><div class=\"vc_tta-panel-body\">\n\t<div class=\"wpb_text_column wpb_content_element\" >\n\t\t<div class=\"wpb_wrapper\">\n\t\t\t<p><span class=\"HwtZe\" lang=\"de\"><span class=\"jCAhz ChMk0b\"><span class=\"ryNqvb\">Sie k\u00f6nnen uns per E-Mail kontaktieren, bevor die Bestellung versandt wurde. Wenn die Bestellung bereits versandt wurde, k\u00f6nnen Sie die Bestellung nicht mehr stornieren oder \u00e4ndern.<\/span><\/span><\/span><\/p>\n\n\t\t<\/div>\n\t<\/div>\n<\/div><\/div><div class=\"vc_tta-panel\" id=\"1554865955032-f07c32a3-1c21\" data-vc-content=\".vc_tta-panel-body\"><div class=\"vc_tta-panel-heading\"><h4 class=\"vc_tta-panel-title vc_tta-controls-icon-position-left\"><a href=\"#1554865955032-f07c32a3-1c21\" data-vc-accordion data-vc-container=\".vc_tta-container\"><span class=\"vc_tta-title-text\">Wie bekomme ich Hilfe, wenn ich sie brauche?<\/span><i class=\"vc_tta-controls-icon vc_tta-controls-icon-plus\"><\/i><\/a><\/h4><\/div><div class=\"vc_tta-panel-body\">\n\t<div class=\"wpb_text_column wpb_content_element\" >\n\t\t<div class=\"wpb_wrapper\">\n\t\t\t<p><span class=\"HwtZe\" lang=\"de\"><span class=\"jCAhz ChMk0b\"><span class=\"ryNqvb\">Sie k\u00f6nnen uns jederzeit per E-Mail (service@ikouch.com) kontaktieren, um umfassenden Support zu erhalten.<\/span><\/span><\/span><\/p>\n\n\t\t<\/div>\n\t<\/div>\n<\/div><\/div><\/div><\/div><\/div><\/div><\/div><\/div><\/div><\/div><\/div><div  class=\"sec_row container-fluid\"><div class=\"vc_row wpb_row vc_row-fluid no-padding vc_custom_1578801944129 vc_row-has-fill\"><div class=\"wpb_column vc_column_container vc_col-sm-12 et-light-column\"><div class=\"vc_column-inner\"><div class=\"wpb_wrapper\"><div class=\"vc_row wpb_row vc_inner vc_row-fluid max_width vc_row-o-content-middle vc_row-flex\"><div class=\"wpb_column vc_column_container vc_col-sm-12 vc_col-lg-offset-1 vc_col-lg-6 et-dark-column\"><div class=\"vc_column-inner\"><div class=\"wpb_wrapper\">\n\t<div class=\"wpb_text_column wpb_content_element   vc_custom_1578801905169\" >\n\t\t<div class=\"wpb_wrapper\">\n\t\t\t<h5 class=\"fancy-title accent-color\">Kontakt<\/h5>\n<h2>Still have questions?<\/h2>\n\n\t\t<\/div>\n\t<\/div>\n<\/div><\/div><\/div><div class=\"wpb_column vc_column_container vc_col-sm-12 vc_col-lg-3 et-dark-column\"><div class=\"vc_column-inner\"><div class=\"wpb_wrapper\">\t\t<div id=\"et-button-69e124f4c9dab\" class=\"et_btn_align_center animation bottom-to-top\">\n\t\t\t<a href=\"https:\/\/ikouch.com\/pl\/contact\/\" class=\"et_btn button et_btn_md solid color-light  arrow-enabled\"  role=\"button\" title=\"Contact Us\" ><span>Contact Us<\/span><svg xmlns=\"http:\/\/www.w3.org\/2000\/svg\" xmlns:xlink=\"http:\/\/www.w3.org\/1999\/xlink\" x=\"0px\" y=\"0px\"\r\n\t width=\"30px\" height=\"18px\" viewbox=\"0 0 30 18\" enable-background=\"new 0 0 30 18\" xml:space=\"preserve\">\r\n<path class=\"handle\" d=\"M20.305,16.212c-0.407,0.409-0.407,1.071,0,1.479s1.068,0.408,1.476,0l7.914-7.952c0.408-0.409,0.408-1.071,0-1.481\tl-7.914-7.952c-0.407-0.409-1.068-0.409-1.476,0s-0.407,1.071,0,1.48l7.185,7.221L20.305,16.212z\"\/>\r\n<path class=\"bar\" fill-rule=\"evenodd\" clip-rule=\"evenodd\" d=\"M1,8h28.001c0.551,0,1,0.448,1,1c0,0.553-0.449,1-1,1H1c-0.553,0-1-0.447-1-1\tC0,8.448,0.447,8,1,8z\"\/>\r\n<\/svg>\r\n<\/a>\n\t\t<\/div>\n\t\t\n\t<\/div><\/div><\/div><\/div><\/div><\/div><\/div><\/div><\/div>","protected":false},"excerpt":{"rendered":"Einkaufsgrundlagen Welche Versandmethoden sind verf\u00fcgbar? F\u00fcr die Zustellung Ihrer Ware nutzen wir internationale Luftfracht. Alle Bestellungen werden innerhalb von 1-2 Tagen bearbeitet. Lieferzeit der Bestellung (ohne Bearbeitungszeit): EU: 7-9 Tage USA: 6-9 Tage Was sind Ihre Versand- und R\u00fcckgaberichtlinien? 1. LIEFERPOLITIK Alle Bestellungen werden innerhalb von 1-2 Tagen bearbeitet. Bestellungen&hellip;","protected":false},"author":1,"featured_media":0,"parent":0,"menu_order":0,"comment_status":"closed","ping_status":"closed","template":"","meta":{"_themeisle_gutenberg_block_has_review":false,"footnotes":""},"class_list":["post-479","page","type-page","status-publish","hentry"],"yoast_head":"<!-- This site is optimized with the Yoast SEO plugin v27.4 - https:\/\/yoast.com\/product\/yoast-seo-wordpress\/ -->\n<title>FAQ&#039;s - IKOUCH<\/title>\n<meta name=\"robots\" content=\"index, follow, max-snippet:-1, max-image-preview:large, max-video-preview:-1\" \/>\n<link rel=\"canonical\" href=\"https:\/\/ikouch.com\/pl\/faqs\/\" \/>\n<meta property=\"og:locale\" content=\"pl_PL\" \/>\n<meta property=\"og:type\" content=\"article\" \/>\n<meta property=\"og:title\" content=\"FAQ&#039;s - IKOUCH\" \/>\n<meta property=\"og:url\" content=\"https:\/\/ikouch.com\/pl\/faqs\/\" \/>\n<meta property=\"og:site_name\" content=\"IKOUCH\" \/>\n<meta property=\"article:modified_time\" content=\"2023-04-26T12:38:58+00:00\" \/>\n<meta name=\"twitter:card\" content=\"summary_large_image\" \/>\n<meta name=\"twitter:label1\" content=\"Szacowany czas czytania\" \/>\n\t<meta name=\"twitter:data1\" content=\"3 minuty\" \/>\n<script type=\"application\/ld+json\" class=\"yoast-schema-graph\">{\"@context\":\"https:\\\/\\\/schema.org\",\"@graph\":[{\"@type\":\"WebPage\",\"@id\":\"https:\\\/\\\/ikouch.com\\\/faqs\\\/\",\"url\":\"https:\\\/\\\/ikouch.com\\\/faqs\\\/\",\"name\":\"FAQ's - IKOUCH\",\"isPartOf\":{\"@id\":\"https:\\\/\\\/ikouch.com\\\/#website\"},\"datePublished\":\"2019-07-25T02:06:00+00:00\",\"dateModified\":\"2023-04-26T12:38:58+00:00\",\"breadcrumb\":{\"@id\":\"https:\\\/\\\/ikouch.com\\\/faqs\\\/#breadcrumb\"},\"inLanguage\":\"pl-PL\",\"potentialAction\":[{\"@type\":\"ReadAction\",\"target\":[\"https:\\\/\\\/ikouch.com\\\/faqs\\\/\"]}]},{\"@type\":\"BreadcrumbList\",\"@id\":\"https:\\\/\\\/ikouch.com\\\/faqs\\\/#breadcrumb\",\"itemListElement\":[{\"@type\":\"ListItem\",\"position\":1,\"name\":\"Home\",\"item\":\"https:\\\/\\\/ikouch.com\\\/\"},{\"@type\":\"ListItem\",\"position\":2,\"name\":\"FAQ&#8217;s\"}]},{\"@type\":\"WebSite\",\"@id\":\"https:\\\/\\\/ikouch.com\\\/#website\",\"url\":\"https:\\\/\\\/ikouch.com\\\/\",\"name\":\"IKOUCH\",\"description\":\"Gem\u00fcseschneider f\u00fcr Thermomix TM6, TM5\",\"publisher\":{\"@id\":\"https:\\\/\\\/ikouch.com\\\/#organization\"},\"potentialAction\":[{\"@type\":\"SearchAction\",\"target\":{\"@type\":\"EntryPoint\",\"urlTemplate\":\"https:\\\/\\\/ikouch.com\\\/?s={search_term_string}\"},\"query-input\":{\"@type\":\"PropertyValueSpecification\",\"valueRequired\":true,\"valueName\":\"search_term_string\"}}],\"inLanguage\":\"pl-PL\"},{\"@type\":\"Organization\",\"@id\":\"https:\\\/\\\/ikouch.com\\\/#organization\",\"name\":\"IKOUCH\",\"url\":\"https:\\\/\\\/ikouch.com\\\/\",\"logo\":{\"@type\":\"ImageObject\",\"inLanguage\":\"pl-PL\",\"@id\":\"https:\\\/\\\/ikouch.com\\\/#\\\/schema\\\/logo\\\/image\\\/\",\"url\":\"https:\\\/\\\/ikouch.com\\\/wp-content\\\/uploads\\\/2022\\\/10\\\/logo-square.png\",\"contentUrl\":\"https:\\\/\\\/ikouch.com\\\/wp-content\\\/uploads\\\/2022\\\/10\\\/logo-square.png\",\"width\":512,\"height\":512,\"caption\":\"IKOUCH\"},\"image\":{\"@id\":\"https:\\\/\\\/ikouch.com\\\/#\\\/schema\\\/logo\\\/image\\\/\"}}]}<\/script>\n<!-- \/ Yoast SEO plugin. -->","yoast_head_json":{"title":"FAQ's - IKOUCH","robots":{"index":"index","follow":"follow","max-snippet":"max-snippet:-1","max-image-preview":"max-image-preview:large","max-video-preview":"max-video-preview:-1"},"canonical":"https:\/\/ikouch.com\/pl\/faqs\/","og_locale":"pl_PL","og_type":"article","og_title":"FAQ's - IKOUCH","og_url":"https:\/\/ikouch.com\/pl\/faqs\/","og_site_name":"IKOUCH","article_modified_time":"2023-04-26T12:38:58+00:00","twitter_card":"summary_large_image","twitter_misc":{"Szacowany czas czytania":"3 minuty"},"schema":{"@context":"https:\/\/schema.org","@graph":[{"@type":"WebPage","@id":"https:\/\/ikouch.com\/faqs\/","url":"https:\/\/ikouch.com\/faqs\/","name":"FAQ's - IKOUCH","isPartOf":{"@id":"https:\/\/ikouch.com\/#website"},"datePublished":"2019-07-25T02:06:00+00:00","dateModified":"2023-04-26T12:38:58+00:00","breadcrumb":{"@id":"https:\/\/ikouch.com\/faqs\/#breadcrumb"},"inLanguage":"pl-PL","potentialAction":[{"@type":"ReadAction","target":["https:\/\/ikouch.com\/faqs\/"]}]},{"@type":"BreadcrumbList","@id":"https:\/\/ikouch.com\/faqs\/#breadcrumb","itemListElement":[{"@type":"ListItem","position":1,"name":"Home","item":"https:\/\/ikouch.com\/"},{"@type":"ListItem","position":2,"name":"FAQ&#8217;s"}]},{"@type":"WebSite","@id":"https:\/\/ikouch.com\/#website","url":"https:\/\/ikouch.com\/","name":"IKOUCH","description":"Gem\u00fcseschneider f\u00fcr Thermomix TM6, TM5","publisher":{"@id":"https:\/\/ikouch.com\/#organization"},"potentialAction":[{"@type":"SearchAction","target":{"@type":"EntryPoint","urlTemplate":"https:\/\/ikouch.com\/?s={search_term_string}"},"query-input":{"@type":"PropertyValueSpecification","valueRequired":true,"valueName":"search_term_string"}}],"inLanguage":"pl-PL"},{"@type":"Organization","@id":"https:\/\/ikouch.com\/#organization","name":"IKOUCH","url":"https:\/\/ikouch.com\/","logo":{"@type":"ImageObject","inLanguage":"pl-PL","@id":"https:\/\/ikouch.com\/#\/schema\/logo\/image\/","url":"https:\/\/ikouch.com\/wp-content\/uploads\/2022\/10\/logo-square.png","contentUrl":"https:\/\/ikouch.com\/wp-content\/uploads\/2022\/10\/logo-square.png","width":512,"height":512,"caption":"IKOUCH"},"image":{"@id":"https:\/\/ikouch.com\/#\/schema\/logo\/image\/"}}]}},"_links":{"self":[{"href":"https:\/\/ikouch.com\/pl\/wp-json\/wp\/v2\/pages\/479","targetHints":{"allow":["GET"]}}],"collection":[{"href":"https:\/\/ikouch.com\/pl\/wp-json\/wp\/v2\/pages"}],"about":[{"href":"https:\/\/ikouch.com\/pl\/wp-json\/wp\/v2\/types\/page"}],"author":[{"embeddable":true,"href":"https:\/\/ikouch.com\/pl\/wp-json\/wp\/v2\/users\/1"}],"replies":[{"embeddable":true,"href":"https:\/\/ikouch.com\/pl\/wp-json\/wp\/v2\/comments?post=479"}],"version-history":[{"count":19,"href":"https:\/\/ikouch.com\/pl\/wp-json\/wp\/v2\/pages\/479\/revisions"}],"predecessor-version":[{"id":3601,"href":"https:\/\/ikouch.com\/pl\/wp-json\/wp\/v2\/pages\/479\/revisions\/3601"}],"wp:attachment":[{"href":"https:\/\/ikouch.com\/pl\/wp-json\/wp\/v2\/media?parent=479"}],"curies":[{"name":"wp","href":"https:\/\/api.w.org\/{rel}","templated":true}]}}