{"id":2180,"date":"2022-10-26T16:30:20","date_gmt":"2022-10-26T08:30:20","guid":{"rendered":"https:\/\/ikouch.com\/?post_type=product&#038;p=2180"},"modified":"2023-07-19T22:27:15","modified_gmt":"2023-07-19T14:27:15","slug":"messerabdeckung-fuer-thermomix-tm31-tm5-und-tm6","status":"publish","type":"product","link":"https:\/\/ikouch.com\/es\/products\/messerabdeckung-fuer-thermomix-tm31-tm5-und-tm6\/","title":{"rendered":"Cubierta de cuchillo para Thermomix TM31, TM5 y TM6"},"content":{"rendered":"<ul class=\"a-unordered-list a-vertical a-spacing-mini\" data-sanitized-data-mce-fragment=\"1\">\n<li data-sanitized-data-mce-fragment=\"1\"><span class=\"a-list-item\" data-sanitized-data-mce-fragment=\"1\">Die Messerabdeckung ist so konzipiert, dass die Lebensmittelintegrit\u00e4t beim Kochen gesch\u00fctzt wird. Es ist verwendbar f\u00fcr die Modelle TM6, TM5 und TM31, ohne die Geschwindigkeit 1 und unter 100 Grad.<\/span><\/li>\n<li data-sanitized-data-mce-fragment=\"1\"><span class=\"a-list-item\" data-sanitized-data-mce-fragment=\"1\">Die gewellte Geometrie sorgt f\u00fcr eine bessere Fl\u00fcssigkeitszirkulation und eine W\u00e4rmeverteilung, damit die Lebensmittel auf eine Weise zubereitet werden k\u00f6nnen, die Vitamine, Mineralien und Proteine der Zutaten bewahrt. Beim Anbringen der Messerabdeckung ist die \u00dcbertragung von W\u00e4rme auf die Lebensmittel besser. Sie k\u00f6nnen das ganze Glas verwenden, sodass Sie mehr Portionen zubereiten k\u00f6nnen<\/span><\/li>\n<li data-sanitized-data-mce-fragment=\"1\"><span class=\"a-list-item\" data-sanitized-data-mce-fragment=\"1\">Es kann Ihnen auch hilfreich sein, wenn Sie den Modus auf niedriger Stufe verwenden. Sie k\u00f6nnen es f\u00fcr jedes Rezept verwenden, besonders wenn Sie die Mahlzeit in gr\u00f6\u00dferen St\u00fccken legen m\u00f6chten.<\/span><\/li>\n<li data-sanitized-data-mce-fragment=\"1\"><span class=\"a-list-item\" data-sanitized-data-mce-fragment=\"1\">Es handelt sich um ein kompatibles Thermomix-Produkt<\/span><\/li>\n<\/ul>","protected":false},"excerpt":{"rendered":"<table>\n<tbody>\n<tr>\n<td height=\"40\"><img loading=\"lazy\" decoding=\"async\" class=\"alignnone wp-image-2782\" src=\"https:\/\/ikouch.com\/wp-content\/uploads\/2022\/10\/trustpilot-300x292.png\" alt=\"\" width=\"24\" height=\"23\" srcset=\"https:\/\/i0.wp.com\/ikouch.com\/wp-content\/uploads\/2022\/10\/trustpilot.png?resize=300%2C292&amp;ssl=1 300w, https:\/\/i0.wp.com\/ikouch.com\/wp-content\/uploads\/2022\/10\/trustpilot.png?resize=150%2C146&amp;ssl=1 150w, https:\/\/i0.wp.com\/ikouch.com\/wp-content\/uploads\/2022\/10\/trustpilot.png?resize=12%2C12&amp;ssl=1 12w, https:\/\/i0.wp.com\/ikouch.com\/wp-content\/uploads\/2022\/10\/trustpilot.png?resize=600%2C585&amp;ssl=1 600w, https:\/\/i0.wp.com\/ikouch.com\/wp-content\/uploads\/2022\/10\/trustpilot.png?resize=100%2C100&amp;ssl=1 100w, https:\/\/i0.wp.com\/ikouch.com\/wp-content\/uploads\/2022\/10\/trustpilot.png?resize=50%2C50&amp;ssl=1 50w, https:\/\/i0.wp.com\/ikouch.com\/wp-content\/uploads\/2022\/10\/trustpilot.png?w=672&amp;ssl=1 672w\" sizes=\"auto, (max-width: 24px) 100vw, 24px\" \/><\/td>\n<td><a href=\"https:\/\/www.trustpilot.com\/review\/ikouch.com?stars=5&#038;utm_medium=trustbox&#038;utm_source=MicroReviewCount&#038;verified=true\" target=\"_blank\" rel=\"noopener\">Vea nuestras rese\u00f1as en TrustPilot<\/a><\/td>\n<\/tr>\n<\/tbody>\n<\/table>","protected":false},"featured_media":2181,"comment_status":"open","ping_status":"closed","template":"","meta":{"_themeisle_gutenberg_block_has_review":false},"product_cat":[57],"product_tag":[],"class_list":["post-2180","product","type-product","status-publish","has-post-thumbnail","hentry","product_cat-gemuseschneider"],"yoast_head":"<!-- This site is optimized with the Yoast SEO plugin v27.4 - https:\/\/yoast.com\/product\/yoast-seo-wordpress\/ -->\n<title>Messerabdeckung f\u00fcr Thermomix TM31, TM5 und TM6 - IKOUCH<\/title>\n<meta name=\"description\" content=\"Die Messerabdeckung ist so konzipiert, dass die Lebensmittelintegrit\u00e4t beim Kochen gesch\u00fctzt wird. Es ist verwendbar f\u00fcr die Modelle TM6, TM5 und TM31, ohne die Geschwindigkeit 1 und unter 100 Grad.\" \/>\n<meta name=\"robots\" content=\"index, follow, max-snippet:-1, max-image-preview:large, max-video-preview:-1\" \/>\n<link rel=\"canonical\" href=\"https:\/\/ikouch.com\/es\/products\/messerabdeckung-fuer-thermomix-tm31-tm5-und-tm6\/\" \/>\n<meta property=\"og:locale\" content=\"es_ES\" \/>\n<meta property=\"og:type\" content=\"article\" \/>\n<meta property=\"og:title\" content=\"Messerabdeckung f\u00fcr Thermomix TM31, TM5 und TM6 - IKOUCH\" \/>\n<meta property=\"og:description\" content=\"Die Messerabdeckung ist so konzipiert, dass die Lebensmittelintegrit\u00e4t beim Kochen gesch\u00fctzt wird. Es ist verwendbar f\u00fcr die Modelle TM6, TM5 und TM31, ohne die Geschwindigkeit 1 und unter 100 Grad.\" \/>\n<meta property=\"og:url\" content=\"https:\/\/ikouch.com\/es\/products\/messerabdeckung-fuer-thermomix-tm31-tm5-und-tm6\/\" \/>\n<meta property=\"og:site_name\" content=\"IKOUCH\" \/>\n<meta property=\"article:modified_time\" content=\"2023-07-19T14:27:15+00:00\" \/>\n<meta property=\"og:image\" content=\"https:\/\/ikouch.com\/wp-content\/uploads\/2022\/10\/\u4e3b\u56fe.jpg\" \/>\n\t<meta property=\"og:image:width\" content=\"1589\" \/>\n\t<meta property=\"og:image:height\" content=\"1589\" \/>\n\t<meta property=\"og:image:type\" content=\"image\/jpeg\" \/>\n<meta name=\"twitter:card\" content=\"summary_large_image\" \/>\n<meta name=\"twitter:label1\" content=\"Tiempo de lectura\" \/>\n\t<meta name=\"twitter:data1\" content=\"1 minuto\" \/>\n<script type=\"application\/ld+json\" class=\"yoast-schema-graph\">{\"@context\":\"https:\\\/\\\/schema.org\",\"@graph\":[{\"@type\":\"WebPage\",\"@id\":\"https:\\\/\\\/ikouch.com\\\/products\\\/messerabdeckung-fuer-thermomix-tm31-tm5-und-tm6\\\/\",\"url\":\"https:\\\/\\\/ikouch.com\\\/products\\\/messerabdeckung-fuer-thermomix-tm31-tm5-und-tm6\\\/\",\"name\":\"Messerabdeckung f\u00fcr Thermomix TM31, TM5 und TM6 - IKOUCH\",\"isPartOf\":{\"@id\":\"https:\\\/\\\/ikouch.com\\\/#website\"},\"primaryImageOfPage\":{\"@id\":\"https:\\\/\\\/ikouch.com\\\/products\\\/messerabdeckung-fuer-thermomix-tm31-tm5-und-tm6\\\/#primaryimage\"},\"image\":{\"@id\":\"https:\\\/\\\/ikouch.com\\\/products\\\/messerabdeckung-fuer-thermomix-tm31-tm5-und-tm6\\\/#primaryimage\"},\"thumbnailUrl\":\"https:\\\/\\\/i0.wp.com\\\/ikouch.com\\\/wp-content\\\/uploads\\\/2022\\\/10\\\/\u4e3b\u56fe.jpg?fit=1589%2C1589&ssl=1\",\"datePublished\":\"2022-10-26T08:30:20+00:00\",\"dateModified\":\"2023-07-19T14:27:15+00:00\",\"description\":\"Die Messerabdeckung ist so konzipiert, dass die Lebensmittelintegrit\u00e4t beim Kochen gesch\u00fctzt wird. Es ist verwendbar f\u00fcr die Modelle TM6, TM5 und TM31, ohne die Geschwindigkeit 1 und unter 100 Grad.\",\"breadcrumb\":{\"@id\":\"https:\\\/\\\/ikouch.com\\\/products\\\/messerabdeckung-fuer-thermomix-tm31-tm5-und-tm6\\\/#breadcrumb\"},\"inLanguage\":\"es\",\"potentialAction\":[{\"@type\":\"ReadAction\",\"target\":[\"https:\\\/\\\/ikouch.com\\\/products\\\/messerabdeckung-fuer-thermomix-tm31-tm5-und-tm6\\\/\"]}]},{\"@type\":\"ImageObject\",\"inLanguage\":\"es\",\"@id\":\"https:\\\/\\\/ikouch.com\\\/products\\\/messerabdeckung-fuer-thermomix-tm31-tm5-und-tm6\\\/#primaryimage\",\"url\":\"https:\\\/\\\/i0.wp.com\\\/ikouch.com\\\/wp-content\\\/uploads\\\/2022\\\/10\\\/\u4e3b\u56fe.jpg?fit=1589%2C1589&ssl=1\",\"contentUrl\":\"https:\\\/\\\/i0.wp.com\\\/ikouch.com\\\/wp-content\\\/uploads\\\/2022\\\/10\\\/\u4e3b\u56fe.jpg?fit=1589%2C1589&ssl=1\",\"width\":1589,\"height\":1589},{\"@type\":\"BreadcrumbList\",\"@id\":\"https:\\\/\\\/ikouch.com\\\/products\\\/messerabdeckung-fuer-thermomix-tm31-tm5-und-tm6\\\/#breadcrumb\",\"itemListElement\":[{\"@type\":\"ListItem\",\"position\":1,\"name\":\"Home\",\"item\":\"https:\\\/\\\/ikouch.com\\\/\"},{\"@type\":\"ListItem\",\"position\":2,\"name\":\"Shop\",\"item\":\"https:\\\/\\\/ikouch.com\\\/shop\\\/\"},{\"@type\":\"ListItem\",\"position\":3,\"name\":\"Messerabdeckung f\u00fcr Thermomix TM31, TM5 und TM6\"}]},{\"@type\":\"WebSite\",\"@id\":\"https:\\\/\\\/ikouch.com\\\/#website\",\"url\":\"https:\\\/\\\/ikouch.com\\\/\",\"name\":\"IKOUCH\",\"description\":\"Gem\u00fcseschneider f\u00fcr Thermomix TM6, TM5\",\"publisher\":{\"@id\":\"https:\\\/\\\/ikouch.com\\\/#organization\"},\"potentialAction\":[{\"@type\":\"SearchAction\",\"target\":{\"@type\":\"EntryPoint\",\"urlTemplate\":\"https:\\\/\\\/ikouch.com\\\/?s={search_term_string}\"},\"query-input\":{\"@type\":\"PropertyValueSpecification\",\"valueRequired\":true,\"valueName\":\"search_term_string\"}}],\"inLanguage\":\"es\"},{\"@type\":\"Organization\",\"@id\":\"https:\\\/\\\/ikouch.com\\\/#organization\",\"name\":\"IKOUCH\",\"url\":\"https:\\\/\\\/ikouch.com\\\/\",\"logo\":{\"@type\":\"ImageObject\",\"inLanguage\":\"es\",\"@id\":\"https:\\\/\\\/ikouch.com\\\/#\\\/schema\\\/logo\\\/image\\\/\",\"url\":\"https:\\\/\\\/ikouch.com\\\/wp-content\\\/uploads\\\/2022\\\/10\\\/logo-square.png\",\"contentUrl\":\"https:\\\/\\\/ikouch.com\\\/wp-content\\\/uploads\\\/2022\\\/10\\\/logo-square.png\",\"width\":512,\"height\":512,\"caption\":\"IKOUCH\"},\"image\":{\"@id\":\"https:\\\/\\\/ikouch.com\\\/#\\\/schema\\\/logo\\\/image\\\/\"}}]}<\/script>\n<!-- \/ Yoast SEO plugin. -->","yoast_head_json":{"title":"Messerabdeckung f\u00fcr Thermomix TM31, TM5 und TM6 - IKOUCH","description":"Die Messerabdeckung ist so konzipiert, dass die Lebensmittelintegrit\u00e4t beim Kochen gesch\u00fctzt wird. Es ist verwendbar f\u00fcr die Modelle TM6, TM5 und TM31, ohne die Geschwindigkeit 1 und unter 100 Grad.","robots":{"index":"index","follow":"follow","max-snippet":"max-snippet:-1","max-image-preview":"max-image-preview:large","max-video-preview":"max-video-preview:-1"},"canonical":"https:\/\/ikouch.com\/es\/products\/messerabdeckung-fuer-thermomix-tm31-tm5-und-tm6\/","og_locale":"es_ES","og_type":"article","og_title":"Messerabdeckung f\u00fcr Thermomix TM31, TM5 und TM6 - IKOUCH","og_description":"Die Messerabdeckung ist so konzipiert, dass die Lebensmittelintegrit\u00e4t beim Kochen gesch\u00fctzt wird. Es ist verwendbar f\u00fcr die Modelle TM6, TM5 und TM31, ohne die Geschwindigkeit 1 und unter 100 Grad.","og_url":"https:\/\/ikouch.com\/es\/products\/messerabdeckung-fuer-thermomix-tm31-tm5-und-tm6\/","og_site_name":"IKOUCH","article_modified_time":"2023-07-19T14:27:15+00:00","og_image":[{"width":1589,"height":1589,"url":"https:\/\/ikouch.com\/wp-content\/uploads\/2022\/10\/\u4e3b\u56fe.jpg","type":"image\/jpeg"}],"twitter_card":"summary_large_image","twitter_misc":{"Tiempo de lectura":"1 minuto"},"schema":{"@context":"https:\/\/schema.org","@graph":[{"@type":"WebPage","@id":"https:\/\/ikouch.com\/products\/messerabdeckung-fuer-thermomix-tm31-tm5-und-tm6\/","url":"https:\/\/ikouch.com\/products\/messerabdeckung-fuer-thermomix-tm31-tm5-und-tm6\/","name":"Messerabdeckung f\u00fcr Thermomix TM31, TM5 und TM6 - IKOUCH","isPartOf":{"@id":"https:\/\/ikouch.com\/#website"},"primaryImageOfPage":{"@id":"https:\/\/ikouch.com\/products\/messerabdeckung-fuer-thermomix-tm31-tm5-und-tm6\/#primaryimage"},"image":{"@id":"https:\/\/ikouch.com\/products\/messerabdeckung-fuer-thermomix-tm31-tm5-und-tm6\/#primaryimage"},"thumbnailUrl":"https:\/\/i0.wp.com\/ikouch.com\/wp-content\/uploads\/2022\/10\/\u4e3b\u56fe.jpg?fit=1589%2C1589&ssl=1","datePublished":"2022-10-26T08:30:20+00:00","dateModified":"2023-07-19T14:27:15+00:00","description":"Die Messerabdeckung ist so konzipiert, dass die Lebensmittelintegrit\u00e4t beim Kochen gesch\u00fctzt wird. Es ist verwendbar f\u00fcr die Modelle TM6, TM5 und TM31, ohne die Geschwindigkeit 1 und unter 100 Grad.","breadcrumb":{"@id":"https:\/\/ikouch.com\/products\/messerabdeckung-fuer-thermomix-tm31-tm5-und-tm6\/#breadcrumb"},"inLanguage":"es","potentialAction":[{"@type":"ReadAction","target":["https:\/\/ikouch.com\/products\/messerabdeckung-fuer-thermomix-tm31-tm5-und-tm6\/"]}]},{"@type":"ImageObject","inLanguage":"es","@id":"https:\/\/ikouch.com\/products\/messerabdeckung-fuer-thermomix-tm31-tm5-und-tm6\/#primaryimage","url":"https:\/\/i0.wp.com\/ikouch.com\/wp-content\/uploads\/2022\/10\/\u4e3b\u56fe.jpg?fit=1589%2C1589&ssl=1","contentUrl":"https:\/\/i0.wp.com\/ikouch.com\/wp-content\/uploads\/2022\/10\/\u4e3b\u56fe.jpg?fit=1589%2C1589&ssl=1","width":1589,"height":1589},{"@type":"BreadcrumbList","@id":"https:\/\/ikouch.com\/products\/messerabdeckung-fuer-thermomix-tm31-tm5-und-tm6\/#breadcrumb","itemListElement":[{"@type":"ListItem","position":1,"name":"Home","item":"https:\/\/ikouch.com\/"},{"@type":"ListItem","position":2,"name":"Shop","item":"https:\/\/ikouch.com\/shop\/"},{"@type":"ListItem","position":3,"name":"Messerabdeckung f\u00fcr Thermomix TM31, TM5 und TM6"}]},{"@type":"WebSite","@id":"https:\/\/ikouch.com\/#website","url":"https:\/\/ikouch.com\/","name":"IKOUCH","description":"Gem\u00fcseschneider f\u00fcr Thermomix TM6, TM5","publisher":{"@id":"https:\/\/ikouch.com\/#organization"},"potentialAction":[{"@type":"SearchAction","target":{"@type":"EntryPoint","urlTemplate":"https:\/\/ikouch.com\/?s={search_term_string}"},"query-input":{"@type":"PropertyValueSpecification","valueRequired":true,"valueName":"search_term_string"}}],"inLanguage":"es"},{"@type":"Organization","@id":"https:\/\/ikouch.com\/#organization","name":"IKOUCH","url":"https:\/\/ikouch.com\/","logo":{"@type":"ImageObject","inLanguage":"es","@id":"https:\/\/ikouch.com\/#\/schema\/logo\/image\/","url":"https:\/\/ikouch.com\/wp-content\/uploads\/2022\/10\/logo-square.png","contentUrl":"https:\/\/ikouch.com\/wp-content\/uploads\/2022\/10\/logo-square.png","width":512,"height":512,"caption":"IKOUCH"},"image":{"@id":"https:\/\/ikouch.com\/#\/schema\/logo\/image\/"}}]}},"_links":{"self":[{"href":"https:\/\/ikouch.com\/es\/wp-json\/wp\/v2\/product\/2180","targetHints":{"allow":["GET"]}}],"collection":[{"href":"https:\/\/ikouch.com\/es\/wp-json\/wp\/v2\/product"}],"about":[{"href":"https:\/\/ikouch.com\/es\/wp-json\/wp\/v2\/types\/product"}],"replies":[{"embeddable":true,"href":"https:\/\/ikouch.com\/es\/wp-json\/wp\/v2\/comments?post=2180"}],"wp:featuredmedia":[{"embeddable":true,"href":"https:\/\/ikouch.com\/es\/wp-json\/wp\/v2\/media\/2181"}],"wp:attachment":[{"href":"https:\/\/ikouch.com\/es\/wp-json\/wp\/v2\/media?parent=2180"}],"wp:term":[{"taxonomy":"product_cat","embeddable":true,"href":"https:\/\/ikouch.com\/es\/wp-json\/wp\/v2\/product_cat?post=2180"},{"taxonomy":"product_tag","embeddable":true,"href":"https:\/\/ikouch.com\/es\/wp-json\/wp\/v2\/product_tag?post=2180"}],"curies":[{"name":"wp","href":"https:\/\/api.w.org\/{rel}","templated":true}]}}