{"id":347,"date":"2019-07-24T01:39:23","date_gmt":"2019-07-24T01:39:23","guid":{"rendered":"https:\/\/goya.everthemes.com\/demo-decor\/?page_id=347"},"modified":"2022-10-19T14:42:52","modified_gmt":"2022-10-19T06:42:52","slug":"order-tracking","status":"publish","type":"page","link":"https:\/\/ikouch.com\/es\/order-tracking\/","title":{"rendered":"Order Tracking"},"content":{"rendered":"<style>\n.order_track_form input.ts_from_input:checked + label {\n    color: #2271b1;\n    border-bottom: 3px solid #2271b1;\n    margin-bottom: -3px;\n}\n.order_track_form {\n    max-width: 500px;\n    margin: 0 auto 20px;\n    border: 1px solid #cccccc;\n    min-height: 330px;\n}\n<\/style>\n<div class=\"track-order-section\">\n\t<form method=\"post\" class=\"order_track_form\" action=\"\">\n\t\t<div class=\"search_order_form\">\n\t\t\t\t\t\t\t<div style=\"margin: 5px 20px 0;\">\n\t\t\t\t\t<input id=\"for_order_number\" type=\"radio\" name=\"ts_tracking_form\" class=\"ts_from_input\" data-name=\"order_id_email\" checked>\n\t\t\t\t\t<label for=\"for_order_number\" class=\"ts_from_label\">N\u00famero de orden<\/label>\n\t\t\t\t\t<input id=\"for_tracking_number\" type=\"radio\" name=\"ts_tracking_form\" class=\"ts_from_input\" data-name=\"by_tracking_number\">\n\t\t\t\t\t<label for=\"for_tracking_number\" class=\"ts_from_label\">El n\u00famero de rastreo<\/label>\n\t\t\t\t<\/div>\n\t\t\t\t<div class=\"order_id_email tracking_form\">\n\t\t\t\t\t<p>Para rastrear su pedido, ingrese su n\u00famero de pedido y direcci\u00f3n de correo electr\u00f3nico:<\/p>\n\t\t\t\t\t<p class=\"form-row\"><label for=\"order_id\">Solicitar ID<\/label> <input class=\"input-text\" type=\"text\" name=\"order_id\" id=\"order_id\" value=\"\" placeholder=\"N\u00famero de orden\"><\/p>\n\t\t\t\t\t<p class=\"form-row\"><label for=\"order_email\">Orden de correo electr\u00f3nico<\/label> <input class=\"input-text\" type=\"text\" name=\"order_email\" id=\"order_email\" value=\"\" placeholder=\"Direcci\u00f3n de correo electr\u00f3nico\"><\/p>\n\t\t\t\t\t<p class=\"form-row\"  style=\"margin-bottom:0;\"><button type=\"submit\" class=\"button btn btn-secondary\" name=\"track\" value=\"Track\">Orden de pista<\/button><\/p>\n\t\t\t\t<\/div>\n\t\t\t\t\t\t<div class=\"by_tracking_number tracking_form\">\n\t\t\t\t<p>Introduzca el n\u00famero de seguimiento de su pedido:<\/p>\n\t\t\t\t<p class=\"form-row\"><label for=\"order_tracking_number\">El n\u00famero de rastreo<\/label><input class=\"input-text\" type=\"text\" name=\"order_tracking_number\" id=\"order_tracking_number\" value=\"\" placeholder=\"N\u00famero de seguimiento del pedido.\"><\/p>\n\t\t\t\t<p class=\"form-row\" style=\"margin-bottom:0;\"><button type=\"submit\" class=\"button btn btn-secondary\" name=\"track\" value=\"Track\">Orden de pista<\/button><\/p>\n\t\t\t<\/div>\n\n\t\t<\/div>\n\t\t<div class=\"clear\"><\/div>\n\t\t<input type=\"hidden\" name=\"action\" value=\"get_tracking_info\">\n\t\t<input type=\"hidden\" name=\"fronted\" value=\"yes\">\n\t\t<div class=\"track_fail_msg\" style=\"display:none;color: red;padding: 0 20px 15px;\"><\/div>\n\t\t<input type=\"hidden\" id=\"_wpnonce\" name=\"_wpnonce\" value=\"95c910b4c0\" \/><input type=\"hidden\" name=\"_wp_http_referer\" value=\"\/es\/wp-json\/wp\/v2\/pages\/347\" \/>\t<input type=\"hidden\" name=\"trp-form-language\" value=\"es\"\/><\/form>\n<\/div>","protected":false},"excerpt":{"rendered":"N\u00famero de orden El n\u00famero de rastreo Para rastrear su pedido, ingrese su n\u00famero de pedido y direcci\u00f3n de correo electr\u00f3nico: Solicitar ID Orden de correo electr\u00f3nico Orden de pista Introduzca el n\u00famero de seguimiento de su pedido: El n\u00famero de rastreo Orden de pista","protected":false},"author":1,"featured_media":0,"parent":0,"menu_order":0,"comment_status":"closed","ping_status":"closed","template":"","meta":{"_themeisle_gutenberg_block_has_review":false,"footnotes":""},"class_list":["post-347","page","type-page","status-publish","hentry"],"yoast_head":"<!-- This site is optimized with the Yoast SEO plugin v27.4 - https:\/\/yoast.com\/product\/yoast-seo-wordpress\/ -->\n<title>Order Tracking - IKOUCH<\/title>\n<meta name=\"robots\" content=\"index, follow, max-snippet:-1, max-image-preview:large, max-video-preview:-1\" \/>\n<link rel=\"canonical\" href=\"https:\/\/ikouch.com\/es\/order-tracking\/\" \/>\n<meta property=\"og:locale\" content=\"es_ES\" \/>\n<meta property=\"og:type\" content=\"article\" \/>\n<meta property=\"og:title\" content=\"Order Tracking - IKOUCH\" \/>\n<meta property=\"og:url\" content=\"https:\/\/ikouch.com\/es\/order-tracking\/\" \/>\n<meta property=\"og:site_name\" content=\"IKOUCH\" \/>\n<meta property=\"article:modified_time\" content=\"2022-10-19T06:42:52+00:00\" \/>\n<meta name=\"twitter:card\" content=\"summary_large_image\" \/>\n<script type=\"application\/ld+json\" class=\"yoast-schema-graph\">{\"@context\":\"https:\\\/\\\/schema.org\",\"@graph\":[{\"@type\":\"WebPage\",\"@id\":\"https:\\\/\\\/ikouch.com\\\/en\\\/order-tracking\\\/\",\"url\":\"https:\\\/\\\/ikouch.com\\\/en\\\/order-tracking\\\/\",\"name\":\"Order Tracking - IKOUCH\",\"isPartOf\":{\"@id\":\"https:\\\/\\\/ikouch.com\\\/#website\"},\"datePublished\":\"2019-07-24T01:39:23+00:00\",\"dateModified\":\"2022-10-19T06:42:52+00:00\",\"breadcrumb\":{\"@id\":\"https:\\\/\\\/ikouch.com\\\/en\\\/order-tracking\\\/#breadcrumb\"},\"inLanguage\":\"es\",\"potentialAction\":[{\"@type\":\"ReadAction\",\"target\":[\"https:\\\/\\\/ikouch.com\\\/en\\\/order-tracking\\\/\"]}]},{\"@type\":\"BreadcrumbList\",\"@id\":\"https:\\\/\\\/ikouch.com\\\/en\\\/order-tracking\\\/#breadcrumb\",\"itemListElement\":[{\"@type\":\"ListItem\",\"position\":1,\"name\":\"Home\",\"item\":\"https:\\\/\\\/ikouch.com\\\/\"},{\"@type\":\"ListItem\",\"position\":2,\"name\":\"Order Tracking\"}]},{\"@type\":\"WebSite\",\"@id\":\"https:\\\/\\\/ikouch.com\\\/#website\",\"url\":\"https:\\\/\\\/ikouch.com\\\/\",\"name\":\"IKOUCH\",\"description\":\"Gem\u00fcseschneider f\u00fcr Thermomix TM6, TM5\",\"publisher\":{\"@id\":\"https:\\\/\\\/ikouch.com\\\/#organization\"},\"potentialAction\":[{\"@type\":\"SearchAction\",\"target\":{\"@type\":\"EntryPoint\",\"urlTemplate\":\"https:\\\/\\\/ikouch.com\\\/?s={search_term_string}\"},\"query-input\":{\"@type\":\"PropertyValueSpecification\",\"valueRequired\":true,\"valueName\":\"search_term_string\"}}],\"inLanguage\":\"es\"},{\"@type\":\"Organization\",\"@id\":\"https:\\\/\\\/ikouch.com\\\/#organization\",\"name\":\"IKOUCH\",\"url\":\"https:\\\/\\\/ikouch.com\\\/\",\"logo\":{\"@type\":\"ImageObject\",\"inLanguage\":\"es\",\"@id\":\"https:\\\/\\\/ikouch.com\\\/#\\\/schema\\\/logo\\\/image\\\/\",\"url\":\"https:\\\/\\\/ikouch.com\\\/wp-content\\\/uploads\\\/2022\\\/10\\\/logo-square.png\",\"contentUrl\":\"https:\\\/\\\/ikouch.com\\\/wp-content\\\/uploads\\\/2022\\\/10\\\/logo-square.png\",\"width\":512,\"height\":512,\"caption\":\"IKOUCH\"},\"image\":{\"@id\":\"https:\\\/\\\/ikouch.com\\\/#\\\/schema\\\/logo\\\/image\\\/\"}}]}<\/script>\n<!-- \/ Yoast SEO plugin. -->","yoast_head_json":{"title":"Order Tracking - IKOUCH","robots":{"index":"index","follow":"follow","max-snippet":"max-snippet:-1","max-image-preview":"max-image-preview:large","max-video-preview":"max-video-preview:-1"},"canonical":"https:\/\/ikouch.com\/es\/order-tracking\/","og_locale":"es_ES","og_type":"article","og_title":"Order Tracking - IKOUCH","og_url":"https:\/\/ikouch.com\/es\/order-tracking\/","og_site_name":"IKOUCH","article_modified_time":"2022-10-19T06:42:52+00:00","twitter_card":"summary_large_image","schema":{"@context":"https:\/\/schema.org","@graph":[{"@type":"WebPage","@id":"https:\/\/ikouch.com\/en\/order-tracking\/","url":"https:\/\/ikouch.com\/en\/order-tracking\/","name":"Order Tracking - IKOUCH","isPartOf":{"@id":"https:\/\/ikouch.com\/#website"},"datePublished":"2019-07-24T01:39:23+00:00","dateModified":"2022-10-19T06:42:52+00:00","breadcrumb":{"@id":"https:\/\/ikouch.com\/en\/order-tracking\/#breadcrumb"},"inLanguage":"es","potentialAction":[{"@type":"ReadAction","target":["https:\/\/ikouch.com\/en\/order-tracking\/"]}]},{"@type":"BreadcrumbList","@id":"https:\/\/ikouch.com\/en\/order-tracking\/#breadcrumb","itemListElement":[{"@type":"ListItem","position":1,"name":"Home","item":"https:\/\/ikouch.com\/"},{"@type":"ListItem","position":2,"name":"Order Tracking"}]},{"@type":"WebSite","@id":"https:\/\/ikouch.com\/#website","url":"https:\/\/ikouch.com\/","name":"IKOUCH","description":"Gem\u00fcseschneider f\u00fcr Thermomix TM6, TM5","publisher":{"@id":"https:\/\/ikouch.com\/#organization"},"potentialAction":[{"@type":"SearchAction","target":{"@type":"EntryPoint","urlTemplate":"https:\/\/ikouch.com\/?s={search_term_string}"},"query-input":{"@type":"PropertyValueSpecification","valueRequired":true,"valueName":"search_term_string"}}],"inLanguage":"es"},{"@type":"Organization","@id":"https:\/\/ikouch.com\/#organization","name":"IKOUCH","url":"https:\/\/ikouch.com\/","logo":{"@type":"ImageObject","inLanguage":"es","@id":"https:\/\/ikouch.com\/#\/schema\/logo\/image\/","url":"https:\/\/ikouch.com\/wp-content\/uploads\/2022\/10\/logo-square.png","contentUrl":"https:\/\/ikouch.com\/wp-content\/uploads\/2022\/10\/logo-square.png","width":512,"height":512,"caption":"IKOUCH"},"image":{"@id":"https:\/\/ikouch.com\/#\/schema\/logo\/image\/"}}]}},"_links":{"self":[{"href":"https:\/\/ikouch.com\/es\/wp-json\/wp\/v2\/pages\/347","targetHints":{"allow":["GET"]}}],"collection":[{"href":"https:\/\/ikouch.com\/es\/wp-json\/wp\/v2\/pages"}],"about":[{"href":"https:\/\/ikouch.com\/es\/wp-json\/wp\/v2\/types\/page"}],"author":[{"embeddable":true,"href":"https:\/\/ikouch.com\/es\/wp-json\/wp\/v2\/users\/1"}],"replies":[{"embeddable":true,"href":"https:\/\/ikouch.com\/es\/wp-json\/wp\/v2\/comments?post=347"}],"version-history":[{"count":1,"href":"https:\/\/ikouch.com\/es\/wp-json\/wp\/v2\/pages\/347\/revisions"}],"predecessor-version":[{"id":2047,"href":"https:\/\/ikouch.com\/es\/wp-json\/wp\/v2\/pages\/347\/revisions\/2047"}],"wp:attachment":[{"href":"https:\/\/ikouch.com\/es\/wp-json\/wp\/v2\/media?parent=347"}],"curies":[{"name":"wp","href":"https:\/\/api.w.org\/{rel}","templated":true}]}}