{"id":2158,"date":"2022-10-24T18:33:24","date_gmt":"2022-10-24T10:33:24","guid":{"rendered":"https:\/\/ikouch.com\/?page_id=2158"},"modified":"2022-10-24T19:14:27","modified_gmt":"2022-10-24T11:14:27","slug":"rueckgaberecht","status":"publish","type":"page","link":"https:\/\/ikouch.com\/es\/rueckgaberecht\/","title":{"rendered":"Rueckgaberecht"},"content":{"rendered":"<p><strong>1. R\u00dcCKGABE (R\u00fcckerstattung und Umtausch)<\/strong><br>Wenn Sie mit Ihrem Artikel unzufrieden sind, teilen Sie uns dies bitte mit. Sie haben 14 Tage Zeit, um einen Artikel zur\u00fcckzugeben oder umzutauschen. Wenn seit Ihrem Kauf 14 Tage vergangen sind, k\u00f6nnen wir Ihnen keine R\u00fcckerstattung oder Umtausch anbieten. Um f\u00fcr eine R\u00fcckerstattung oder einen Umtausch in Frage zu kommen, m\u00fcssen Waren in einem wiederverkaufsf\u00e4higen Zustand zur\u00fcckgegeben werden. Das bedeutet, dass Ihr Artikel unbenutzt und in demselben Zustand sein muss, in dem Sie ihn erhalten haben. Um Ihre R\u00fcckerstattung oder Ihren Umtausch abzuschlie\u00dfen, ben\u00f6tigen wir eine Quittung oder einen Kaufbeleg. Bitte senden Sie Ihren Kauf nicht an den Hersteller zur\u00fcck.<\/p>\n\n\n\n<p><strong>2. R\u00dcCKERSTATTUNGEN (falls zutreffend)<\/strong><br>Sobald Ihr zur\u00fcckgegebener Artikel eingegangen ist und gepr\u00fcft wurde, senden wir Ihnen eine E-Mail, um Sie dar\u00fcber zu informieren, dass wir Ihren zur\u00fcckgegebenen Artikel erhalten haben. Wir werden Sie auch \u00fcber die Genehmigung oder Ablehnung Ihrer R\u00fcckerstattung informieren. Wenn Sie genehmigt werden, wird Ihre R\u00fcckerstattung bearbeitet und innerhalb von 5 Kalendertagen automatisch eine Gutschrift auf Ihre Kreditkarte oder Ihre urspr\u00fcngliche Zahlungsmethode angewendet. <\/p>\n\n\n\n<p><strong>3. Geb\u00fchr f\u00fcr die R\u00fccksendung<\/strong><\/p>\n\n\n\n<ul class=\"wp-block-list\"><li>Produkt nicht erhalten: Wenn Sie das Produkt nicht erhalten, werden 100% des Bestellbetrags zur\u00fcckerstattet.<\/li><li>Erhaltenes Produkt: Wenn das Produkt falsch oder besch\u00e4digt ist, werden 100% des Bestellbetrags innerhalb von 5 Tagen zur\u00fcckerstattet, und wir tragen die Versandkosten. Wenn kein Qualit\u00e4tsproblem vorliegt, tr\u00e4gt der Kunde die Versandkosten.<\/li><\/ul>","protected":false},"excerpt":{"rendered":"<p>1. R\u00dcCKGABE (R\u00fcckerstattung und Umtausch)Wenn Sie mit Ihrem Artikel unzufrieden sind, teilen Sie uns dies bitte mit. Sie haben 14 Tage Zeit, um einen Artikel zur\u00fcckzugeben oder umzutauschen. Wenn seit Ihrem Kauf 14 Tage vergangen sind, k\u00f6nnen wir Ihnen keine R\u00fcckerstattung oder Umtausch anbieten. Um f\u00fcr eine R\u00fcckerstattung oder einen&hellip;<\/p>","protected":false},"author":1,"featured_media":0,"parent":0,"menu_order":0,"comment_status":"closed","ping_status":"closed","template":"","meta":{"_themeisle_gutenberg_block_has_review":false,"footnotes":""},"class_list":["post-2158","page","type-page","status-publish","hentry"],"yoast_head":"<!-- This site is optimized with the Yoast SEO plugin v27.4 - https:\/\/yoast.com\/product\/yoast-seo-wordpress\/ -->\n<title>Rueckgaberecht - IKOUCH<\/title>\n<meta name=\"robots\" content=\"index, follow, max-snippet:-1, max-image-preview:large, max-video-preview:-1\" \/>\n<link rel=\"canonical\" href=\"https:\/\/ikouch.com\/es\/rueckgaberecht\/\" \/>\n<meta property=\"og:locale\" content=\"es_ES\" \/>\n<meta property=\"og:type\" content=\"article\" \/>\n<meta property=\"og:title\" content=\"Rueckgaberecht - IKOUCH\" \/>\n<meta property=\"og:description\" content=\"1. R\u00dcCKGABE (R\u00fcckerstattung und Umtausch)Wenn Sie mit Ihrem Artikel unzufrieden sind, teilen Sie uns dies bitte mit. Sie haben 14 Tage Zeit, um einen Artikel zur\u00fcckzugeben oder umzutauschen. Wenn seit Ihrem Kauf 14 Tage vergangen sind, k\u00f6nnen wir Ihnen keine R\u00fcckerstattung oder Umtausch anbieten. Um f\u00fcr eine R\u00fcckerstattung oder einen&hellip;\" \/>\n<meta property=\"og:url\" content=\"https:\/\/ikouch.com\/es\/rueckgaberecht\/\" \/>\n<meta property=\"og:site_name\" content=\"IKOUCH\" \/>\n<meta property=\"article:modified_time\" content=\"2022-10-24T11:14:27+00:00\" \/>\n<meta name=\"twitter:card\" content=\"summary_large_image\" \/>\n<meta name=\"twitter:label1\" content=\"Tiempo de lectura\" \/>\n\t<meta name=\"twitter:data1\" content=\"2 minutos\" \/>\n<script type=\"application\/ld+json\" class=\"yoast-schema-graph\">{\"@context\":\"https:\\\/\\\/schema.org\",\"@graph\":[{\"@type\":\"WebPage\",\"@id\":\"https:\\\/\\\/ikouch.com\\\/rueckgaberecht\\\/\",\"url\":\"https:\\\/\\\/ikouch.com\\\/rueckgaberecht\\\/\",\"name\":\"Rueckgaberecht - IKOUCH\",\"isPartOf\":{\"@id\":\"https:\\\/\\\/ikouch.com\\\/#website\"},\"datePublished\":\"2022-10-24T10:33:24+00:00\",\"dateModified\":\"2022-10-24T11:14:27+00:00\",\"breadcrumb\":{\"@id\":\"https:\\\/\\\/ikouch.com\\\/rueckgaberecht\\\/#breadcrumb\"},\"inLanguage\":\"es\",\"potentialAction\":[{\"@type\":\"ReadAction\",\"target\":[\"https:\\\/\\\/ikouch.com\\\/rueckgaberecht\\\/\"]}]},{\"@type\":\"BreadcrumbList\",\"@id\":\"https:\\\/\\\/ikouch.com\\\/rueckgaberecht\\\/#breadcrumb\",\"itemListElement\":[{\"@type\":\"ListItem\",\"position\":1,\"name\":\"Home\",\"item\":\"https:\\\/\\\/ikouch.com\\\/\"},{\"@type\":\"ListItem\",\"position\":2,\"name\":\"Rueckgaberecht\"}]},{\"@type\":\"WebSite\",\"@id\":\"https:\\\/\\\/ikouch.com\\\/#website\",\"url\":\"https:\\\/\\\/ikouch.com\\\/\",\"name\":\"IKOUCH\",\"description\":\"Gem\u00fcseschneider f\u00fcr Thermomix TM6, TM5\",\"publisher\":{\"@id\":\"https:\\\/\\\/ikouch.com\\\/#organization\"},\"potentialAction\":[{\"@type\":\"SearchAction\",\"target\":{\"@type\":\"EntryPoint\",\"urlTemplate\":\"https:\\\/\\\/ikouch.com\\\/?s={search_term_string}\"},\"query-input\":{\"@type\":\"PropertyValueSpecification\",\"valueRequired\":true,\"valueName\":\"search_term_string\"}}],\"inLanguage\":\"es\"},{\"@type\":\"Organization\",\"@id\":\"https:\\\/\\\/ikouch.com\\\/#organization\",\"name\":\"IKOUCH\",\"url\":\"https:\\\/\\\/ikouch.com\\\/\",\"logo\":{\"@type\":\"ImageObject\",\"inLanguage\":\"es\",\"@id\":\"https:\\\/\\\/ikouch.com\\\/#\\\/schema\\\/logo\\\/image\\\/\",\"url\":\"https:\\\/\\\/ikouch.com\\\/wp-content\\\/uploads\\\/2022\\\/10\\\/logo-square.png\",\"contentUrl\":\"https:\\\/\\\/ikouch.com\\\/wp-content\\\/uploads\\\/2022\\\/10\\\/logo-square.png\",\"width\":512,\"height\":512,\"caption\":\"IKOUCH\"},\"image\":{\"@id\":\"https:\\\/\\\/ikouch.com\\\/#\\\/schema\\\/logo\\\/image\\\/\"}}]}<\/script>\n<!-- \/ Yoast SEO plugin. -->","yoast_head_json":{"title":"Rueckgaberecht - IKOUCH","robots":{"index":"index","follow":"follow","max-snippet":"max-snippet:-1","max-image-preview":"max-image-preview:large","max-video-preview":"max-video-preview:-1"},"canonical":"https:\/\/ikouch.com\/es\/rueckgaberecht\/","og_locale":"es_ES","og_type":"article","og_title":"Rueckgaberecht - IKOUCH","og_description":"1. R\u00dcCKGABE (R\u00fcckerstattung und Umtausch)Wenn Sie mit Ihrem Artikel unzufrieden sind, teilen Sie uns dies bitte mit. Sie haben 14 Tage Zeit, um einen Artikel zur\u00fcckzugeben oder umzutauschen. Wenn seit Ihrem Kauf 14 Tage vergangen sind, k\u00f6nnen wir Ihnen keine R\u00fcckerstattung oder Umtausch anbieten. Um f\u00fcr eine R\u00fcckerstattung oder einen&hellip;","og_url":"https:\/\/ikouch.com\/es\/rueckgaberecht\/","og_site_name":"IKOUCH","article_modified_time":"2022-10-24T11:14:27+00:00","twitter_card":"summary_large_image","twitter_misc":{"Tiempo de lectura":"2 minutos"},"schema":{"@context":"https:\/\/schema.org","@graph":[{"@type":"WebPage","@id":"https:\/\/ikouch.com\/rueckgaberecht\/","url":"https:\/\/ikouch.com\/rueckgaberecht\/","name":"Rueckgaberecht - IKOUCH","isPartOf":{"@id":"https:\/\/ikouch.com\/#website"},"datePublished":"2022-10-24T10:33:24+00:00","dateModified":"2022-10-24T11:14:27+00:00","breadcrumb":{"@id":"https:\/\/ikouch.com\/rueckgaberecht\/#breadcrumb"},"inLanguage":"es","potentialAction":[{"@type":"ReadAction","target":["https:\/\/ikouch.com\/rueckgaberecht\/"]}]},{"@type":"BreadcrumbList","@id":"https:\/\/ikouch.com\/rueckgaberecht\/#breadcrumb","itemListElement":[{"@type":"ListItem","position":1,"name":"Home","item":"https:\/\/ikouch.com\/"},{"@type":"ListItem","position":2,"name":"Rueckgaberecht"}]},{"@type":"WebSite","@id":"https:\/\/ikouch.com\/#website","url":"https:\/\/ikouch.com\/","name":"IKOUCH","description":"Gem\u00fcseschneider f\u00fcr Thermomix TM6, TM5","publisher":{"@id":"https:\/\/ikouch.com\/#organization"},"potentialAction":[{"@type":"SearchAction","target":{"@type":"EntryPoint","urlTemplate":"https:\/\/ikouch.com\/?s={search_term_string}"},"query-input":{"@type":"PropertyValueSpecification","valueRequired":true,"valueName":"search_term_string"}}],"inLanguage":"es"},{"@type":"Organization","@id":"https:\/\/ikouch.com\/#organization","name":"IKOUCH","url":"https:\/\/ikouch.com\/","logo":{"@type":"ImageObject","inLanguage":"es","@id":"https:\/\/ikouch.com\/#\/schema\/logo\/image\/","url":"https:\/\/ikouch.com\/wp-content\/uploads\/2022\/10\/logo-square.png","contentUrl":"https:\/\/ikouch.com\/wp-content\/uploads\/2022\/10\/logo-square.png","width":512,"height":512,"caption":"IKOUCH"},"image":{"@id":"https:\/\/ikouch.com\/#\/schema\/logo\/image\/"}}]}},"_links":{"self":[{"href":"https:\/\/ikouch.com\/es\/wp-json\/wp\/v2\/pages\/2158","targetHints":{"allow":["GET"]}}],"collection":[{"href":"https:\/\/ikouch.com\/es\/wp-json\/wp\/v2\/pages"}],"about":[{"href":"https:\/\/ikouch.com\/es\/wp-json\/wp\/v2\/types\/page"}],"author":[{"embeddable":true,"href":"https:\/\/ikouch.com\/es\/wp-json\/wp\/v2\/users\/1"}],"replies":[{"embeddable":true,"href":"https:\/\/ikouch.com\/es\/wp-json\/wp\/v2\/comments?post=2158"}],"version-history":[{"count":5,"href":"https:\/\/ikouch.com\/es\/wp-json\/wp\/v2\/pages\/2158\/revisions"}],"predecessor-version":[{"id":2168,"href":"https:\/\/ikouch.com\/es\/wp-json\/wp\/v2\/pages\/2158\/revisions\/2168"}],"wp:attachment":[{"href":"https:\/\/ikouch.com\/es\/wp-json\/wp\/v2\/media?parent=2158"}],"curies":[{"name":"wp","href":"https:\/\/api.w.org\/{rel}","templated":true}]}}