{"id":340,"date":"2019-07-24T01:37:17","date_gmt":"2019-07-24T01:37:17","guid":{"rendered":"https:\/\/goya.everthemes.com\/demo-decor\/?page_id=340"},"modified":"2022-10-22T15:45:59","modified_gmt":"2022-10-22T07:45:59","slug":"about-us","status":"publish","type":"page","link":"https:\/\/ikouch.com\/en\/about-us\/","title":{"rendered":"About Us"},"content":{"rendered":"<div  class=\"sec_row container-fluid\"><div data-vc-parallax=\"1.5\" class=\"vc_row wpb_row vc_row-fluid no-padding align-center vc_row-has-fill vc_general vc_parallax vc_parallax-content-moving\"><div class=\"wpb_column vc_column_container vc_col-sm-12 et-light-column\"><div class=\"vc_column-inner\"><div class=\"wpb_wrapper\">\r\n\t\t<div class=\"et-banner-69e124c88ee24 et-banner content-full  image-type-css vh-height text-color-light hover-effect hover-zoom\"><div class=\"et-banner-image\" role=\"img\" aria-label=\"mid-3\" data-image=\"https:\/\/i0.wp.com\/ikouch.com\/wp-content\/uploads\/2022\/10\/mid-3-3.jpg?fit=1920%2C960&#038;ssl=1\" style=\"background-image: url(https:\/\/i0.wp.com\/ikouch.com\/wp-content\/uploads\/2022\/10\/mid-3-3.jpg?fit=1920%2C960&#038;ssl=1);\"><\/div>\r\n\t\t\t<div class=\"et-banner-content\">\r\n\t\t\t\t<div class=\"et-banner-content-inner container\">\r\n\t\t\t\t\t<div class=\"et-banner-text h_center v_center align_center\">\r\n\t\t\t\t\t\t<div class=\"et-banner-text-inner animated\" data-animate=\"et-fadeInUp\"><h2 class=\"et-banner-title color-light xlarge\">\u00dcber Uns<\/h2><\/div>\r\n\t\t\t\t\t<\/div>\r\n\t\t\t\t<\/div>\r\n\t\t\t<\/div>\r\n\t\t<\/div><\/div><\/div><\/div><\/div><\/div><div  class=\"sec_row container\"><div class=\"vc_row wpb_row vc_row-fluid align-center vc_custom_1579121915525\"><div class=\"wpb_column vc_column_container animation bottom-to-top vc_col-sm-12 vc_col-lg-8 et-dark-column\"><div class=\"vc_column-inner\"><div class=\"wpb_wrapper\"><div class=\"vc_row wpb_row vc_inner vc_row-fluid max_width align-center\"><div class=\"wpb_column vc_column_container vc_col-sm-12 et-dark-column\"><div class=\"vc_column-inner\"><div class=\"wpb_wrapper\">\n\t<div class=\"wpb_text_column wpb_content_element\" >\n\t\t<div class=\"wpb_wrapper\">\n\t\t\t<h2><span class=\"HwtZe\" lang=\"de\"><span class=\"jCAhz ChMk0b\"><span class=\"ryNqvb\">Das Unternehmen<\/span><\/span><\/span><\/h2>\n\n\t\t<\/div>\n\t<\/div>\n\n\t<div class=\"wpb_text_column wpb_content_element\" >\n\t\t<div class=\"wpb_wrapper\">\n\t\t\t<p><span class=\"HwtZe\" lang=\"de\"><span class=\"jCAhz ChMk0b\"><span class=\"ryNqvb\">Zubeh\u00f6r f\u00fcr Thermomix K\u00fcchenmaschinen.<\/span><\/span> <span class=\"jCAhz ChMk0b\"><span class=\"ryNqvb\">Unser Zubeh\u00f6rsortiment f\u00fcr Thermomix-K\u00fcchenmaschinen ist voller Nuggets, die Sie sonst nirgendwo finden.<\/span><\/span><\/span><\/p>\n<p><span class=\"HwtZe\" lang=\"de\"> <span class=\"jCAhz ChMk0b\"><span class=\"ryNqvb\">Bei IKOUCH verkaufen wir nur sorgf\u00e4ltig ausgew\u00e4hlte Accessoires, die hohen Anspr\u00fcchen an Design und Qualit\u00e4t gerecht werden.<\/span><\/span> <span class=\"jCAhz ChMk0b\"><span class=\"ryNqvb\">Wir hoffen aufrichtig, dass Sie in unserer Kollektion das Thermomix-Zubeh\u00f6r finden, das Sie brauchen!<\/span><\/span><\/span><\/p>\n\n\t\t<\/div>\n\t<\/div>\n<\/div><\/div><\/div><\/div><div class=\"vc_row wpb_row vc_inner vc_row-fluid max_width align-center\"><div class=\"wpb_column vc_column_container vc_col-sm-4 et-dark-column\"><div class=\"vc_column-inner\"><div class=\"wpb_wrapper\">\n\t<div class=\"wpb_text_column wpb_content_element\" >\n\t\t<div class=\"wpb_wrapper\">\n\t\t\t<h4 class=\"vc_custom_heading\"><span class=\"HwtZe\" lang=\"de\"><span class=\"jCAhz ChMk0b\"><span class=\"ryNqvb\">Unsere Aufgabe<\/span><\/span><\/span><\/h4>\n\n\t\t<\/div>\n\t<\/div>\n<\/div><\/div><\/div><div class=\"wpb_column vc_column_container vc_col-sm-8 et-dark-column\"><div class=\"vc_column-inner\"><div class=\"wpb_wrapper\">\n\t<div class=\"wpb_text_column wpb_content_element\" >\n\t\t<div class=\"wpb_wrapper\">\n\t\t\t<p><span class=\"HwtZe\" lang=\"de\"><span class=\"jCAhz ChMk0b\"><span class=\"ryNqvb\">Wie kann ein Helfer Ihre Kochk\u00fcnste verbessern und Ihnen gro\u00dfartige Mahlzeiten zubereiten?<\/span><\/span> <span class=\"jCAhz ChMk0b\"><span class=\"ryNqvb\">Es ist IKOUCH<\/span><\/span><\/span><\/p>\n\n\t\t<\/div>\n\t<\/div>\n<\/div><\/div><\/div><\/div><div class=\"vc_row wpb_row vc_inner vc_row-fluid max_width align-center\"><div class=\"wpb_column vc_column_container vc_col-sm-4 et-dark-column\"><div class=\"vc_column-inner\"><div class=\"wpb_wrapper\">\n\t<div class=\"wpb_text_column wpb_content_element\" >\n\t\t<div class=\"wpb_wrapper\">\n\t\t\t<h4 class=\"vc_custom_heading\"><span class=\"HwtZe\" lang=\"de\"><span class=\"jCAhz ChMk0b\"><span class=\"ryNqvb\">Unsere Vision<\/span><\/span><\/span><\/h4>\n\n\t\t<\/div>\n\t<\/div>\n<\/div><\/div><\/div><div class=\"wpb_column vc_column_container vc_col-sm-8 et-dark-column\"><div class=\"vc_column-inner\"><div class=\"wpb_wrapper\">\n\t<div class=\"wpb_text_column wpb_content_element\" >\n\t\t<div class=\"wpb_wrapper\">\n\t\t\t<p><span class=\"HwtZe\" lang=\"de\"><span class=\"jCAhz ChMk0b\"><span class=\"ryNqvb\">Technologie macht Rezepte einfacher<\/span><\/span><\/span><\/p>\n\n\t\t<\/div>\n\t<\/div>\n<\/div><\/div><\/div><\/div><div class=\"vc_row wpb_row vc_inner vc_row-fluid max_width align-center\"><div class=\"wpb_column vc_column_container vc_col-sm-4 et-dark-column\"><div class=\"vc_column-inner\"><div class=\"wpb_wrapper\">\n\t<div class=\"wpb_text_column wpb_content_element\" >\n\t\t<div class=\"wpb_wrapper\">\n\t\t\t<h4 class=\"vc_custom_heading\"><span class=\"HwtZe\" lang=\"de\"><span class=\"jCAhz ChMk0b\"><span class=\"ryNqvb\">Unsere Infos<\/span><\/span><\/span><\/h4>\n\n\t\t<\/div>\n\t<\/div>\n<\/div><\/div><\/div><div class=\"wpb_column vc_column_container vc_col-sm-8 et-dark-column\"><div class=\"vc_column-inner\"><div class=\"wpb_wrapper\">\n\t<div class=\"wpb_text_column wpb_content_element\" >\n\t\t<div class=\"wpb_wrapper\">\n\t\t\t<p><span class=\"HwtZe\" lang=\"de\"><span class=\"jCAhz ChMk0b\"><span class=\"ryNqvb\">Handelsregisternummer: IKOUCH GmbH<\/span><\/span><br \/>\n<\/span><span class=\"HwtZe\" lang=\"de\"><span class=\"jCAhz ChMk0b\"><span class=\"ryNqvb\">Umsatzsteueridentifikationsnummer: DE 445325873<\/span><\/span><br \/>\n<\/span><span class=\"HwtZe\" lang=\"de\"><span class=\"jCAhz ChMk0b\"><span class=\"ryNqvb\">Einzelhandelsadresse: Otto-Dill-Stra\u00dfe 15, 66901 Sch\u00f6nenberg-K\u00fcbelberg, Deutschland<\/span><\/span><\/span><\/p>\n\n\t\t<\/div>\n\t<\/div>\n<\/div><\/div><\/div><\/div><\/div><\/div><\/div><\/div><\/div><div  class=\"sec_row container\"><div class=\"vc_row wpb_row vc_row-fluid\"><div class=\"wpb_column vc_column_container vc_col-sm-12 et-dark-column\"><div class=\"vc_column-inner\"><div class=\"wpb_wrapper\"><div class=\"vc_row wpb_row vc_inner vc_row-fluid max_width\"><div class=\"wpb_column vc_column_container animation bottom-to-top vc_col-sm-12 et-dark-column\"><div class=\"vc_column-inner\"><div class=\"wpb_wrapper\">\t<div class=\"et-image-337 et-image aligncenter full   et_image_link\">\n\t\t<div class=\"et-image-inner animation bottom-to-top\">\n\t\t\t\t\t\t\t<div class=\"et-image-thumb\">\n\t\t\t\t\t<img loading=\"lazy\" decoding=\"async\" width=\"1646\" height=\"472\" src=\"https:\/\/i0.wp.com\/ikouch.com\/wp-content\/uploads\/2022\/10\/mid-4.jpg?fit=1646%2C472&amp;ssl=1\" class=\"attachment-full\" alt=\"\" title=\"mid-4\" srcset=\"https:\/\/i0.wp.com\/ikouch.com\/wp-content\/uploads\/2022\/10\/mid-4.jpg?w=1646&amp;ssl=1 1646w, https:\/\/i0.wp.com\/ikouch.com\/wp-content\/uploads\/2022\/10\/mid-4.jpg?resize=300%2C86&amp;ssl=1 300w, https:\/\/i0.wp.com\/ikouch.com\/wp-content\/uploads\/2022\/10\/mid-4.jpg?resize=1024%2C294&amp;ssl=1 1024w, https:\/\/i0.wp.com\/ikouch.com\/wp-content\/uploads\/2022\/10\/mid-4.jpg?resize=768%2C220&amp;ssl=1 768w, https:\/\/i0.wp.com\/ikouch.com\/wp-content\/uploads\/2022\/10\/mid-4.jpg?resize=1536%2C440&amp;ssl=1 1536w, https:\/\/i0.wp.com\/ikouch.com\/wp-content\/uploads\/2022\/10\/mid-4.jpg?resize=18%2C5&amp;ssl=1 18w, https:\/\/i0.wp.com\/ikouch.com\/wp-content\/uploads\/2022\/10\/mid-4.jpg?resize=150%2C43&amp;ssl=1 150w, https:\/\/i0.wp.com\/ikouch.com\/wp-content\/uploads\/2022\/10\/mid-4.jpg?resize=600%2C172&amp;ssl=1 600w, https:\/\/i0.wp.com\/ikouch.com\/wp-content\/uploads\/2022\/10\/mid-4.jpg?resize=900%2C258&amp;ssl=1 900w\" sizes=\"auto, (max-width: 1140px) 100vw, 1140px\" \/>\t\t\t\t<\/div>\n\t\t\t\t\t\t\t\t\t\t\t<\/div>\n\t<\/div>\n  <\/div><\/div><\/div><\/div><\/div><\/div><\/div><\/div><\/div><div  class=\"sec_row container\"><div class=\"vc_row wpb_row vc_row-fluid\"><div class=\"wpb_column vc_column_container vc_col-sm-12 et-dark-column\"><div class=\"vc_column-inner\"><div class=\"wpb_wrapper\">\n\t<div class=\"wpb_text_column wpb_content_element\" >\n\t\t<div class=\"wpb_wrapper\">\n\t\t\t\n\t\t<\/div>\n\t<\/div>\n<\/div><\/div><\/div><\/div><\/div>","protected":false},"excerpt":{"rendered":"\u00dcber Uns Das Unternehmen Zubeh\u00f6r f\u00fcr Thermomix K\u00fcchenmaschinen. Unser Zubeh\u00f6rsortiment f\u00fcr Thermomix-K\u00fcchenmaschinen ist voller Nuggets, die Sie sonst nirgendwo finden. Bei IKOUCH verkaufen wir nur sorgf\u00e4ltig ausgew\u00e4hlte Accessoires, die hohen Anspr\u00fcchen an Design und Qualit\u00e4t gerecht werden. Wir hoffen aufrichtig, dass Sie in unserer Kollektion das Thermomix-Zubeh\u00f6r finden, das Sie&hellip;","protected":false},"author":1,"featured_media":0,"parent":0,"menu_order":0,"comment_status":"closed","ping_status":"closed","template":"","meta":{"_themeisle_gutenberg_block_has_review":false,"footnotes":""},"class_list":["post-340","page","type-page","status-publish","hentry"],"yoast_head":"<!-- This site is optimized with the Yoast SEO plugin v27.4 - https:\/\/yoast.com\/product\/yoast-seo-wordpress\/ -->\n<title>\u00dcber uns - IKOUCH<\/title>\n<meta name=\"robots\" content=\"index, follow, max-snippet:-1, max-image-preview:large, max-video-preview:-1\" \/>\n<link rel=\"canonical\" href=\"https:\/\/ikouch.com\/en\/about-us\/\" \/>\n<meta property=\"og:locale\" content=\"en_US\" \/>\n<meta property=\"og:type\" content=\"article\" \/>\n<meta property=\"og:title\" content=\"\u00dcber uns - IKOUCH\" \/>\n<meta property=\"og:url\" content=\"https:\/\/ikouch.com\/en\/about-us\/\" \/>\n<meta property=\"og:site_name\" content=\"IKOUCH\" \/>\n<meta property=\"article:modified_time\" content=\"2022-10-22T07:45:59+00:00\" \/>\n<meta name=\"twitter:card\" content=\"summary_large_image\" \/>\n<meta name=\"twitter:label1\" content=\"Est. reading time\" \/>\n\t<meta name=\"twitter:data1\" content=\"2 minutes\" \/>\n<script type=\"application\/ld+json\" class=\"yoast-schema-graph\">{\"@context\":\"https:\\\/\\\/schema.org\",\"@graph\":[{\"@type\":\"WebPage\",\"@id\":\"https:\\\/\\\/ikouch.com\\\/en\\\/about-us\\\/\",\"url\":\"https:\\\/\\\/ikouch.com\\\/en\\\/about-us\\\/\",\"name\":\"\u00dcber uns - IKOUCH\",\"isPartOf\":{\"@id\":\"https:\\\/\\\/ikouch.com\\\/#website\"},\"datePublished\":\"2019-07-24T01:37:17+00:00\",\"dateModified\":\"2022-10-22T07:45:59+00:00\",\"breadcrumb\":{\"@id\":\"https:\\\/\\\/ikouch.com\\\/en\\\/about-us\\\/#breadcrumb\"},\"inLanguage\":\"en-US\",\"potentialAction\":[{\"@type\":\"ReadAction\",\"target\":[\"https:\\\/\\\/ikouch.com\\\/en\\\/about-us\\\/\"]}]},{\"@type\":\"BreadcrumbList\",\"@id\":\"https:\\\/\\\/ikouch.com\\\/en\\\/about-us\\\/#breadcrumb\",\"itemListElement\":[{\"@type\":\"ListItem\",\"position\":1,\"name\":\"Home\",\"item\":\"https:\\\/\\\/ikouch.com\\\/\"},{\"@type\":\"ListItem\",\"position\":2,\"name\":\"\u00dcber uns\"}]},{\"@type\":\"WebSite\",\"@id\":\"https:\\\/\\\/ikouch.com\\\/#website\",\"url\":\"https:\\\/\\\/ikouch.com\\\/\",\"name\":\"IKOUCH\",\"description\":\"Gem\u00fcseschneider f\u00fcr Thermomix TM6, TM5\",\"publisher\":{\"@id\":\"https:\\\/\\\/ikouch.com\\\/#organization\"},\"potentialAction\":[{\"@type\":\"SearchAction\",\"target\":{\"@type\":\"EntryPoint\",\"urlTemplate\":\"https:\\\/\\\/ikouch.com\\\/?s={search_term_string}\"},\"query-input\":{\"@type\":\"PropertyValueSpecification\",\"valueRequired\":true,\"valueName\":\"search_term_string\"}}],\"inLanguage\":\"en-US\"},{\"@type\":\"Organization\",\"@id\":\"https:\\\/\\\/ikouch.com\\\/#organization\",\"name\":\"IKOUCH\",\"url\":\"https:\\\/\\\/ikouch.com\\\/\",\"logo\":{\"@type\":\"ImageObject\",\"inLanguage\":\"en-US\",\"@id\":\"https:\\\/\\\/ikouch.com\\\/#\\\/schema\\\/logo\\\/image\\\/\",\"url\":\"https:\\\/\\\/ikouch.com\\\/wp-content\\\/uploads\\\/2022\\\/10\\\/logo-square.png\",\"contentUrl\":\"https:\\\/\\\/ikouch.com\\\/wp-content\\\/uploads\\\/2022\\\/10\\\/logo-square.png\",\"width\":512,\"height\":512,\"caption\":\"IKOUCH\"},\"image\":{\"@id\":\"https:\\\/\\\/ikouch.com\\\/#\\\/schema\\\/logo\\\/image\\\/\"}}]}<\/script>\n<!-- \/ Yoast SEO plugin. -->","yoast_head_json":{"title":"\u00dcber uns - IKOUCH","robots":{"index":"index","follow":"follow","max-snippet":"max-snippet:-1","max-image-preview":"max-image-preview:large","max-video-preview":"max-video-preview:-1"},"canonical":"https:\/\/ikouch.com\/en\/about-us\/","og_locale":"en_US","og_type":"article","og_title":"\u00dcber uns - IKOUCH","og_url":"https:\/\/ikouch.com\/en\/about-us\/","og_site_name":"IKOUCH","article_modified_time":"2022-10-22T07:45:59+00:00","twitter_card":"summary_large_image","twitter_misc":{"Est. reading time":"2 minutes"},"schema":{"@context":"https:\/\/schema.org","@graph":[{"@type":"WebPage","@id":"https:\/\/ikouch.com\/en\/about-us\/","url":"https:\/\/ikouch.com\/en\/about-us\/","name":"\u00dcber uns - IKOUCH","isPartOf":{"@id":"https:\/\/ikouch.com\/#website"},"datePublished":"2019-07-24T01:37:17+00:00","dateModified":"2022-10-22T07:45:59+00:00","breadcrumb":{"@id":"https:\/\/ikouch.com\/en\/about-us\/#breadcrumb"},"inLanguage":"en-US","potentialAction":[{"@type":"ReadAction","target":["https:\/\/ikouch.com\/en\/about-us\/"]}]},{"@type":"BreadcrumbList","@id":"https:\/\/ikouch.com\/en\/about-us\/#breadcrumb","itemListElement":[{"@type":"ListItem","position":1,"name":"Home","item":"https:\/\/ikouch.com\/"},{"@type":"ListItem","position":2,"name":"\u00dcber uns"}]},{"@type":"WebSite","@id":"https:\/\/ikouch.com\/#website","url":"https:\/\/ikouch.com\/","name":"IKOUCH","description":"Gem\u00fcseschneider f\u00fcr Thermomix TM6, TM5","publisher":{"@id":"https:\/\/ikouch.com\/#organization"},"potentialAction":[{"@type":"SearchAction","target":{"@type":"EntryPoint","urlTemplate":"https:\/\/ikouch.com\/?s={search_term_string}"},"query-input":{"@type":"PropertyValueSpecification","valueRequired":true,"valueName":"search_term_string"}}],"inLanguage":"en-US"},{"@type":"Organization","@id":"https:\/\/ikouch.com\/#organization","name":"IKOUCH","url":"https:\/\/ikouch.com\/","logo":{"@type":"ImageObject","inLanguage":"en-US","@id":"https:\/\/ikouch.com\/#\/schema\/logo\/image\/","url":"https:\/\/ikouch.com\/wp-content\/uploads\/2022\/10\/logo-square.png","contentUrl":"https:\/\/ikouch.com\/wp-content\/uploads\/2022\/10\/logo-square.png","width":512,"height":512,"caption":"IKOUCH"},"image":{"@id":"https:\/\/ikouch.com\/#\/schema\/logo\/image\/"}}]}},"_links":{"self":[{"href":"https:\/\/ikouch.com\/en\/wp-json\/wp\/v2\/pages\/340","targetHints":{"allow":["GET"]}}],"collection":[{"href":"https:\/\/ikouch.com\/en\/wp-json\/wp\/v2\/pages"}],"about":[{"href":"https:\/\/ikouch.com\/en\/wp-json\/wp\/v2\/types\/page"}],"author":[{"embeddable":true,"href":"https:\/\/ikouch.com\/en\/wp-json\/wp\/v2\/users\/1"}],"replies":[{"embeddable":true,"href":"https:\/\/ikouch.com\/en\/wp-json\/wp\/v2\/comments?post=340"}],"version-history":[{"count":14,"href":"https:\/\/ikouch.com\/en\/wp-json\/wp\/v2\/pages\/340\/revisions"}],"predecessor-version":[{"id":2106,"href":"https:\/\/ikouch.com\/en\/wp-json\/wp\/v2\/pages\/340\/revisions\/2106"}],"wp:attachment":[{"href":"https:\/\/ikouch.com\/en\/wp-json\/wp\/v2\/media?parent=340"}],"curies":[{"name":"wp","href":"https:\/\/api.w.org\/{rel}","templated":true}]}}