{"id":12,"date":"2019-07-20T00:12:34","date_gmt":"2019-07-20T00:12:34","guid":{"rendered":"https:\/\/goya.everthemes.com\/demo-decor\/?page_id=12"},"modified":"2022-10-22T16:03:25","modified_gmt":"2022-10-22T08:03:25","slug":"terms-conditions","status":"publish","type":"page","link":"https:\/\/ikouch.com\/en\/terms-conditions\/","title":{"rendered":"Terms &amp; Conditions"},"content":{"rendered":"<div  class=\"sec_row container\"><div class=\"vc_row wpb_row vc_row-fluid\"><div class=\"wpb_column vc_column_container vc_col-sm-12 et-dark-column\"><div class=\"vc_column-inner\"><div class=\"wpb_wrapper\">\n\t<div class=\"wpb_text_column wpb_content_element\" >\n\t\t<div class=\"wpb_wrapper\">\n\t\t\t<h3>Einf\u00fchrung<\/h3>\n<p>Diese Bedingungen gelten vollst\u00e4ndig und wirken sich auf Ihre Nutzung dieser Website aus. Durch die Nutzung dieser Website erkl\u00e4ren Sie sich damit einverstanden, alle hierin niedergelegten Bedingungen zu akzeptieren. Sie d\u00fcrfen diese Website nicht nutzen, wenn Sie mit diesen Allgemeinen Gesch\u00e4ftsbedingungen der Website nicht einverstanden sind.<\/p>\n<h3>Rechte an geistigem Eigentum<\/h3>\n<p>Abgesehen von den Inhalten, die Sie gem\u00e4\u00df diesen Bedingungen besitzen, besitzen ihre Lizenzgeber alle geistigen Eigentumsrechte und Materialien, die auf dieser Website enthalten sind.<\/p>\n<p>Ihnen wird eine eingeschr\u00e4nkte Lizenz nur zum Zwecke der Anzeige des auf dieser Website enthaltenen Materials gew\u00e4hrt.<\/p>\n<h3>Beschr\u00e4nkungen<\/h3>\n<p>Sie sind ausdr\u00fccklich von allen folgenden eingeschr\u00e4nkt:<\/p>\n<p>Ver\u00f6ffentlichung von Website-Material in anderen Medien;<br \/>Verkauf, Unterlizenzierung und\/oder anderweitige Kommerzialisierung von Website-Material;<br \/>\u00f6ffentliches Auff\u00fchren und\/oder Zeigen von Website-Material;<br \/>Nutzung dieser Website in irgendeiner Weise, die dieser Website schadet oder schaden k\u00f6nnte;<br \/>Nutzung dieser Website in irgendeiner Weise, die sich auf den Benutzerzugriff auf diese Website auswirkt;<br \/>die Nutzung dieser Website gegen geltende Gesetze und Vorschriften verst\u00f6\u00dft oder in irgendeiner Weise der Website oder einer Person oder einem Unternehmen Schaden zuf\u00fcgen kann;<br \/>Beteiligung an Data Mining, Datensammlung, Datenextraktion oder anderen \u00e4hnlichen Aktivit\u00e4ten in Bezug auf diese Website;<br \/>Nutzung dieser Website, um Werbung oder Marketing zu betreiben.<\/p>\n<p>Der Zugriff auf bestimmte Bereiche dieser Website ist Ihnen untersagt. Sie k\u00f6nnen den Zugriff auf alle Bereiche dieser Website jederzeit nach eigenem Ermessen weiter einschr\u00e4nken. Alle Benutzer-IDs und Passw\u00f6rter, die Sie m\u00f6glicherweise f\u00fcr diese Website haben, sind vertraulich, und Sie m\u00fcssen die Vertraulichkeit ebenfalls wahren.<\/p>\n<h3>Ihre Inhalte<\/h3>\n<p>In diesen Allgemeinen Gesch\u00e4ftsbedingungen der Website bezeichnet \u201eIhr Inhalt\u201c alle Audio-, Videotexte, Bilder oder andere Materialien, die Sie auf dieser Website anzeigen m\u00f6chten. Durch die Anzeige Ihrer Inhalte gew\u00e4hren Sie eine nicht ausschlie\u00dfliche, weltweite, unwiderrufliche, unterlizenzierbare Lizenz zur Nutzung, Vervielf\u00e4ltigung, Anpassung, Ver\u00f6ffentlichung, \u00dcbersetzung und Verbreitung in allen Medien.<\/p>\n<p>Ihre Inhalte m\u00fcssen Ihre eigenen sein und d\u00fcrfen nicht in die Rechte Dritter eingreifen. Wir behalten uns das Recht vor, Ihre Inhalte jederzeit ohne Vorank\u00fcndigung von dieser Website zu entfernen.<\/p>\n<h3>Keine Garantien<\/h3>\n<p>Diese Website wird \u201ewie besehen\u201c mit allen Fehlern bereitgestellt, und wir geben keinerlei Zusicherungen oder Gew\u00e4hrleistungen jeglicher Art in Bezug auf diese Website oder die auf dieser Website enthaltenen Materialien ab. Auch ist nichts auf dieser Website als Beratung zu interpretieren.<\/p>\n<h3>Haftungsbeschr\u00e4nkung<\/h3>\n<p>In keinem Fall haften unsere Website oder ihre leitenden Angestellten, Direktoren und Mitarbeiter f\u00fcr irgendetwas, das sich aus Ihrer Nutzung dieser Website ergibt oder in irgendeiner Weise damit zusammenh\u00e4ngt, unabh\u00e4ngig davon, ob eine solche Haftung vertraglich vereinbart ist. Wir, einschlie\u00dflich seiner leitenden Angestellten, Direktoren und Mitarbeiter, haften nicht f\u00fcr indirekte, Folge- oder besondere Haftungen, die sich aus Ihrer Nutzung dieser Website ergeben oder in irgendeiner Weise damit zusammenh\u00e4ngen.<\/p>\n<h3>Entsch\u00e4digung<\/h3>\n<p>Sie stellen IKOUCH hiermit in vollem Umfang von und\/oder allen Verbindlichkeiten, Kosten, Forderungen, Klagegr\u00fcnden, Sch\u00e4den und Ausgaben frei, die in irgendeiner Weise im Zusammenhang mit Ihrer Verletzung einer der Bestimmungen dieser Bedingungen entstehen.<\/p>\n<h3>Salvatorische Klausel<\/h3>\n<p>Sollte sich herausstellen, dass eine Bestimmung dieser Bedingungen nach geltendem Recht ung\u00fcltig ist, werden diese Bestimmungen gel\u00f6scht, ohne dass dies die \u00fcbrigen Bestimmungen hierin ber\u00fchrt.<\/p>\n<h3>\u00c4nderung der Bedingungen<\/h3>\n<p>IKOUCH ist berechtigt, diese Bedingungen jederzeit nach eigenem Ermessen zu \u00fcberarbeiten, und durch die Nutzung dieser Website wird von Ihnen erwartet, dass Sie diese Bedingungen regelm\u00e4\u00dfig \u00fcberpr\u00fcfen.<\/p>\n<h3>Abtretung<\/h3>\n<p>Die IKOUCH ist berechtigt, ihre Rechte und\/oder Pflichten aus diesen Bedingungen ohne vorherige Ank\u00fcndigung abzutreten, zu \u00fcbertragen und unterzuvergeben. Es ist Ihnen jedoch nicht gestattet, Ihre Rechte und\/oder Pflichten aus diesen Bedingungen abzutreten, zu \u00fcbertragen oder weiterzuvergeben.<\/p>\n<h3>Ganze Vereinbarung<\/h3>\n<p>Diese Bedingungen stellen die gesamte Vereinbarung zwischen IKOUCH und Ihnen in Bezug auf Ihre Nutzung dieser Website dar und ersetzen alle vorherigen Vereinbarungen und Absprachen.<\/p>\n<h3>Geltendes Recht &amp; Gerichtsstand<\/h3>\n<p>Diese Bedingungen unterliegen den Gesetzen des Staates des Landes und werden in \u00dcbereinstimmung mit diesen ausgelegt, und Sie unterwerfen sich der nicht ausschlie\u00dflichen Zust\u00e4ndigkeit der staatlichen und bundesstaatlichen Gerichte im Land f\u00fcr die Beilegung von Streitigkeiten.<\/p>\n\n\t\t<\/div>\n\t<\/div>\n<\/div><\/div><\/div><\/div><\/div>","protected":false},"excerpt":{"rendered":"Einf\u00fchrung Diese Bedingungen gelten vollst\u00e4ndig und wirken sich auf Ihre Nutzung dieser Website aus. Durch die Nutzung dieser Website erkl\u00e4ren Sie sich damit einverstanden, alle hierin niedergelegten Bedingungen zu akzeptieren. Sie d\u00fcrfen diese Website nicht nutzen, wenn Sie mit diesen Allgemeinen Gesch\u00e4ftsbedingungen der Website nicht einverstanden sind. Rechte an geistigem&hellip;","protected":false},"author":1,"featured_media":0,"parent":0,"menu_order":0,"comment_status":"closed","ping_status":"closed","template":"","meta":{"_themeisle_gutenberg_block_has_review":false,"footnotes":""},"class_list":["post-12","page","type-page","status-publish","hentry"],"yoast_head":"<!-- This site is optimized with the Yoast SEO plugin v27.4 - https:\/\/yoast.com\/product\/yoast-seo-wordpress\/ -->\n<title>Terms &amp; Bedingungen - IKOUCH<\/title>\n<meta name=\"robots\" content=\"index, follow, max-snippet:-1, max-image-preview:large, max-video-preview:-1\" \/>\n<link rel=\"canonical\" href=\"https:\/\/ikouch.com\/en\/terms-conditions\/\" \/>\n<meta property=\"og:locale\" content=\"en_US\" \/>\n<meta property=\"og:type\" content=\"article\" \/>\n<meta property=\"og:title\" content=\"Terms &amp; Bedingungen - IKOUCH\" \/>\n<meta property=\"og:url\" content=\"https:\/\/ikouch.com\/en\/terms-conditions\/\" \/>\n<meta property=\"og:site_name\" content=\"IKOUCH\" \/>\n<meta property=\"article:modified_time\" content=\"2022-10-22T08:03:25+00:00\" \/>\n<meta name=\"twitter:card\" content=\"summary_large_image\" \/>\n<meta name=\"twitter:label1\" content=\"Est. reading time\" \/>\n\t<meta name=\"twitter:data1\" content=\"3 minutes\" \/>\n<script type=\"application\/ld+json\" class=\"yoast-schema-graph\">{\"@context\":\"https:\\\/\\\/schema.org\",\"@graph\":[{\"@type\":\"WebPage\",\"@id\":\"https:\\\/\\\/ikouch.com\\\/terms-conditions\\\/\",\"url\":\"https:\\\/\\\/ikouch.com\\\/terms-conditions\\\/\",\"name\":\"Terms & Bedingungen - IKOUCH\",\"isPartOf\":{\"@id\":\"https:\\\/\\\/ikouch.com\\\/#website\"},\"datePublished\":\"2019-07-20T00:12:34+00:00\",\"dateModified\":\"2022-10-22T08:03:25+00:00\",\"breadcrumb\":{\"@id\":\"https:\\\/\\\/ikouch.com\\\/terms-conditions\\\/#breadcrumb\"},\"inLanguage\":\"en-US\",\"potentialAction\":[{\"@type\":\"ReadAction\",\"target\":[\"https:\\\/\\\/ikouch.com\\\/terms-conditions\\\/\"]}]},{\"@type\":\"BreadcrumbList\",\"@id\":\"https:\\\/\\\/ikouch.com\\\/terms-conditions\\\/#breadcrumb\",\"itemListElement\":[{\"@type\":\"ListItem\",\"position\":1,\"name\":\"Home\",\"item\":\"https:\\\/\\\/ikouch.com\\\/\"},{\"@type\":\"ListItem\",\"position\":2,\"name\":\"Terms &#038; Bedingungen\"}]},{\"@type\":\"WebSite\",\"@id\":\"https:\\\/\\\/ikouch.com\\\/#website\",\"url\":\"https:\\\/\\\/ikouch.com\\\/\",\"name\":\"IKOUCH\",\"description\":\"Gem\u00fcseschneider f\u00fcr Thermomix TM6, TM5\",\"publisher\":{\"@id\":\"https:\\\/\\\/ikouch.com\\\/#organization\"},\"potentialAction\":[{\"@type\":\"SearchAction\",\"target\":{\"@type\":\"EntryPoint\",\"urlTemplate\":\"https:\\\/\\\/ikouch.com\\\/?s={search_term_string}\"},\"query-input\":{\"@type\":\"PropertyValueSpecification\",\"valueRequired\":true,\"valueName\":\"search_term_string\"}}],\"inLanguage\":\"en-US\"},{\"@type\":\"Organization\",\"@id\":\"https:\\\/\\\/ikouch.com\\\/#organization\",\"name\":\"IKOUCH\",\"url\":\"https:\\\/\\\/ikouch.com\\\/\",\"logo\":{\"@type\":\"ImageObject\",\"inLanguage\":\"en-US\",\"@id\":\"https:\\\/\\\/ikouch.com\\\/#\\\/schema\\\/logo\\\/image\\\/\",\"url\":\"https:\\\/\\\/ikouch.com\\\/wp-content\\\/uploads\\\/2022\\\/10\\\/logo-square.png\",\"contentUrl\":\"https:\\\/\\\/ikouch.com\\\/wp-content\\\/uploads\\\/2022\\\/10\\\/logo-square.png\",\"width\":512,\"height\":512,\"caption\":\"IKOUCH\"},\"image\":{\"@id\":\"https:\\\/\\\/ikouch.com\\\/#\\\/schema\\\/logo\\\/image\\\/\"}}]}<\/script>\n<!-- \/ Yoast SEO plugin. -->","yoast_head_json":{"title":"Terms & Bedingungen - IKOUCH","robots":{"index":"index","follow":"follow","max-snippet":"max-snippet:-1","max-image-preview":"max-image-preview:large","max-video-preview":"max-video-preview:-1"},"canonical":"https:\/\/ikouch.com\/en\/terms-conditions\/","og_locale":"en_US","og_type":"article","og_title":"Terms & Bedingungen - IKOUCH","og_url":"https:\/\/ikouch.com\/en\/terms-conditions\/","og_site_name":"IKOUCH","article_modified_time":"2022-10-22T08:03:25+00:00","twitter_card":"summary_large_image","twitter_misc":{"Est. reading time":"3 minutes"},"schema":{"@context":"https:\/\/schema.org","@graph":[{"@type":"WebPage","@id":"https:\/\/ikouch.com\/terms-conditions\/","url":"https:\/\/ikouch.com\/terms-conditions\/","name":"Terms & Bedingungen - IKOUCH","isPartOf":{"@id":"https:\/\/ikouch.com\/#website"},"datePublished":"2019-07-20T00:12:34+00:00","dateModified":"2022-10-22T08:03:25+00:00","breadcrumb":{"@id":"https:\/\/ikouch.com\/terms-conditions\/#breadcrumb"},"inLanguage":"en-US","potentialAction":[{"@type":"ReadAction","target":["https:\/\/ikouch.com\/terms-conditions\/"]}]},{"@type":"BreadcrumbList","@id":"https:\/\/ikouch.com\/terms-conditions\/#breadcrumb","itemListElement":[{"@type":"ListItem","position":1,"name":"Home","item":"https:\/\/ikouch.com\/"},{"@type":"ListItem","position":2,"name":"Terms &#038; Bedingungen"}]},{"@type":"WebSite","@id":"https:\/\/ikouch.com\/#website","url":"https:\/\/ikouch.com\/","name":"IKOUCH","description":"Gem\u00fcseschneider f\u00fcr Thermomix TM6, TM5","publisher":{"@id":"https:\/\/ikouch.com\/#organization"},"potentialAction":[{"@type":"SearchAction","target":{"@type":"EntryPoint","urlTemplate":"https:\/\/ikouch.com\/?s={search_term_string}"},"query-input":{"@type":"PropertyValueSpecification","valueRequired":true,"valueName":"search_term_string"}}],"inLanguage":"en-US"},{"@type":"Organization","@id":"https:\/\/ikouch.com\/#organization","name":"IKOUCH","url":"https:\/\/ikouch.com\/","logo":{"@type":"ImageObject","inLanguage":"en-US","@id":"https:\/\/ikouch.com\/#\/schema\/logo\/image\/","url":"https:\/\/ikouch.com\/wp-content\/uploads\/2022\/10\/logo-square.png","contentUrl":"https:\/\/ikouch.com\/wp-content\/uploads\/2022\/10\/logo-square.png","width":512,"height":512,"caption":"IKOUCH"},"image":{"@id":"https:\/\/ikouch.com\/#\/schema\/logo\/image\/"}}]}},"_links":{"self":[{"href":"https:\/\/ikouch.com\/en\/wp-json\/wp\/v2\/pages\/12","targetHints":{"allow":["GET"]}}],"collection":[{"href":"https:\/\/ikouch.com\/en\/wp-json\/wp\/v2\/pages"}],"about":[{"href":"https:\/\/ikouch.com\/en\/wp-json\/wp\/v2\/types\/page"}],"author":[{"embeddable":true,"href":"https:\/\/ikouch.com\/en\/wp-json\/wp\/v2\/users\/1"}],"replies":[{"embeddable":true,"href":"https:\/\/ikouch.com\/en\/wp-json\/wp\/v2\/comments?post=12"}],"version-history":[{"count":2,"href":"https:\/\/ikouch.com\/en\/wp-json\/wp\/v2\/pages\/12\/revisions"}],"predecessor-version":[{"id":2113,"href":"https:\/\/ikouch.com\/en\/wp-json\/wp\/v2\/pages\/12\/revisions\/2113"}],"wp:attachment":[{"href":"https:\/\/ikouch.com\/en\/wp-json\/wp\/v2\/media?parent=12"}],"curies":[{"name":"wp","href":"https:\/\/api.w.org\/{rel}","templated":true}]}}